{"id":6549,"date":"2024-09-16T12:28:58","date_gmt":"2024-09-16T10:28:58","guid":{"rendered":"https:\/\/uv-rc.org\/benevolat\/"},"modified":"2025-03-11T16:45:17","modified_gmt":"2025-03-11T15:45:17","slug":"benevolat","status":"publish","type":"page","link":"https:\/\/uv-rc.org\/fr\/benevolat\/","title":{"rendered":"B\u00e9n\u00e9volat"},"content":{"rendered":"\t\t<div data-elementor-type=\"wp-page\" data-elementor-id=\"6549\" class=\"elementor elementor-6549 elementor-2617\" data-elementor-post-type=\"page\">\n\t\t\t\t<div class=\"elementor-element elementor-element-858ecee e-flex e-con-boxed e-con e-parent\" data-id=\"858ecee\" data-element_type=\"container\" data-e-type=\"container\" data-settings=\"{&quot;background_background&quot;:&quot;classic&quot;}\">\n\t\t\t\t\t<div class=\"e-con-inner\">\n\t\t<div class=\"elementor-element elementor-element-36656dc e-con-full e-transform e-flex elementor-invisible e-con e-child\" data-id=\"36656dc\" data-element_type=\"container\" data-e-type=\"container\" data-settings=\"{&quot;background_background&quot;:&quot;classic&quot;,&quot;animation&quot;:&quot;fadeInLeft&quot;,&quot;_transform_scale_effect_hover&quot;:{&quot;unit&quot;:&quot;px&quot;,&quot;size&quot;:1.05,&quot;sizes&quot;:[]},&quot;_transform_scale_effect_hover_tablet&quot;:{&quot;unit&quot;:&quot;px&quot;,&quot;size&quot;:1,&quot;sizes&quot;:[]},&quot;_transform_scale_effect_hover_mobile&quot;:{&quot;unit&quot;:&quot;px&quot;,&quot;size&quot;:&quot;&quot;,&quot;sizes&quot;:[]}}\">\n\t\t\t\t<div class=\"elementor-element elementor-element-b36f36b elementor-widget__width-inherit elementor-invisible elementor-widget elementor-widget-heading\" data-id=\"b36f36b\" data-element_type=\"widget\" data-e-type=\"widget\" data-settings=\"{&quot;_animation&quot;:&quot;fadeIn&quot;}\" data-widget_type=\"heading.default\">\n\t\t\t\t<div class=\"elementor-widget-container\">\n\t\t\t\t\t<h2 class=\"elementor-heading-title elementor-size-default\">ENGAGEZ-VOUS<\/h2>\t\t\t\t<\/div>\n\t\t\t\t<\/div>\n\t\t\t\t<div class=\"elementor-element elementor-element-fd484db elementor-widget elementor-widget-text-editor\" data-id=\"fd484db\" data-element_type=\"widget\" data-e-type=\"widget\" data-widget_type=\"text-editor.default\">\n\t\t\t\t<div class=\"elementor-widget-container\">\n\t\t\t\t\t\t\t\t\t<p><span style=\"font-weight: 400;\">Que vous souhaitiez devenir b\u00e9n\u00e9vole, acc\u00e9der \u00e0 nos services ou soutenir notre mission, il existe de nombreuses fa\u00e7ons de vous impliquer. Contactez-nous d\u00e8s aujourd&rsquo;hui pour en savoir plus sur la mani\u00e8re dont vous pouvez faire une diff\u00e9rence dans la vie des r\u00e9fugi\u00e9s ukrainiens en Belgique.<\/span><\/p>\n\t\t\t\t\t\t\t\t<\/div>\n\t\t\t\t<\/div>\n\t\t\t\t<\/div>\n\t\t<div class=\"elementor-element elementor-element-188649e e-con-full e-transform e-flex elementor-invisible e-con e-child\" data-id=\"188649e\" data-element_type=\"container\" data-e-type=\"container\" data-settings=\"{&quot;background_background&quot;:&quot;classic&quot;,&quot;animation&quot;:&quot;fadeInRight&quot;,&quot;_transform_scale_effect_hover&quot;:{&quot;unit&quot;:&quot;px&quot;,&quot;size&quot;:1.05,&quot;sizes&quot;:[]},&quot;_transform_scale_effect_hover_tablet&quot;:{&quot;unit&quot;:&quot;px&quot;,&quot;size&quot;:1,&quot;sizes&quot;:[]},&quot;_transform_scale_effect_hover_mobile&quot;:{&quot;unit&quot;:&quot;px&quot;,&quot;size&quot;:&quot;&quot;,&quot;sizes&quot;:[]}}\">\n\t\t\t\t<div class=\"elementor-element elementor-element-645795f elementor-widget__width-inherit elementor-invisible elementor-widget elementor-widget-heading\" data-id=\"645795f\" data-element_type=\"widget\" data-e-type=\"widget\" data-settings=\"{&quot;_animation&quot;:&quot;fadeIn&quot;}\" data-widget_type=\"heading.default\">\n\t\t\t\t<div class=\"elementor-widget-container\">\n\t\t\t\t\t<h1 class=\"elementor-heading-title elementor-size-default\">Devenez b\u00e9n\u00e9vole avec nous !<\/h1>\t\t\t\t<\/div>\n\t\t\t\t<\/div>\n\t\t\t\t<div class=\"elementor-element elementor-element-53c5dc5 elementor-widget__width-inherit elementor-invisible elementor-widget elementor-widget-heading\" data-id=\"53c5dc5\" data-element_type=\"widget\" data-e-type=\"widget\" data-settings=\"{&quot;_animation&quot;:&quot;fadeIn&quot;}\" data-widget_type=\"heading.default\">\n\t\t\t\t<div class=\"elementor-widget-container\">\n\t\t\t\t\t<h2 class=\"elementor-heading-title elementor-size-default\">Comit\u00e9 des r\u00e9fugi\u00e9s Ukrainian Voices<\/h2>\t\t\t\t<\/div>\n\t\t\t\t<\/div>\n\t\t<div class=\"elementor-element elementor-element-c22e57e e-con-full e-flex e-con e-child\" data-id=\"c22e57e\" data-element_type=\"container\" data-e-type=\"container\">\n\t\t\t\t<div class=\"elementor-element elementor-element-87826e2 elementor-widget elementor-widget-text-editor\" data-id=\"87826e2\" data-element_type=\"widget\" data-e-type=\"widget\" data-widget_type=\"text-editor.default\">\n\t\t\t\t<div class=\"elementor-widget-container\">\n\t\t\t\t\t\t\t\t\t<p>Rue de la Loi 89, 1040 Brussels<\/p>\n<p><span style=\"font-weight: 400;\">VOUS POUVEZ DEVENIR B\u00c9N\u00c9VOLE DE L&rsquo;\u00c9QUIPE MOBILE D&rsquo;UKRAINIAN VOICES EN REMPLISSANT CE<\/span> <a href=\"https:\/\/forms.gle\/j5YFZCH6hvtEjXve7\" target=\"_blank\" rel=\"noopener\"><span style=\"font-weight: 400;\">FORMULAIRE<\/span><\/a><span style=\"font-weight: 400;\"> <\/span><\/p>\n<p><span style=\"font-weight: 400;\"> ou appelez le <a href=\"tel:+32484170182\">+32 484 170 182<\/a><\/span><\/p>\n<p><span style=\"font-weight: 400;\">TVA: 0791.864.844<\/span><\/p>\n<div class=\"c-message_kit__attachments\">\n<div class=\"c-message_attachment\" data-qa=\"message_attachment_default\"> <\/div>\n<\/div>\n\t\t\t\t\t\t\t\t<\/div>\n\t\t\t\t<\/div>\n\t\t\t\t<div class=\"elementor-element elementor-element-f8d84b2 elementor-shape-square elementor-grid-2 elementor-grid-mobile-3 e-grid-align-mobile-center e-grid-align-center elementor-widget elementor-widget-social-icons\" data-id=\"f8d84b2\" data-element_type=\"widget\" data-e-type=\"widget\" data-widget_type=\"social-icons.default\">\n\t\t\t\t<div class=\"elementor-widget-container\">\n\t\t\t\t\t\t\t<div class=\"elementor-social-icons-wrapper elementor-grid\" role=\"list\">\n\t\t\t\t\t\t\t<span class=\"elementor-grid-item\" role=\"listitem\">\n\t\t\t\t\t<a class=\"elementor-icon elementor-social-icon elementor-social-icon-linkedin elementor-repeater-item-f0dfe52\" href=\"https:\/\/www.linkedin.com\/company\/ukrainian-voices-refugee-committee\/posts\/?feedView=all\" target=\"_blank\" rel=\"noopener\">\n\t\t\t\t\t\t<span class=\"elementor-screen-only\">Linkedin<\/span>\n\t\t\t\t\t\t<i aria-hidden=\"true\" class=\"fab fa-linkedin\"><\/i>\t\t\t\t\t<\/a>\n\t\t\t\t<\/span>\n\t\t\t\t\t\t\t<span class=\"elementor-grid-item\" role=\"listitem\">\n\t\t\t\t\t<a class=\"elementor-icon elementor-social-icon elementor-social-icon-facebook elementor-repeater-item-7465408\" href=\"https:\/\/www.facebook.com\/profile.php?id=100085097783323\" target=\"_blank\" rel=\"noopener\">\n\t\t\t\t\t\t<span class=\"elementor-screen-only\">Facebook<\/span>\n\t\t\t\t\t\t<i aria-hidden=\"true\" class=\"fab fa-facebook\"><\/i>\t\t\t\t\t<\/a>\n\t\t\t\t<\/span>\n\t\t\t\t\t\t\t<span class=\"elementor-grid-item\" role=\"listitem\">\n\t\t\t\t\t<a class=\"elementor-icon elementor-social-icon elementor-social-icon-instagram elementor-repeater-item-c24164c\" href=\"https:\/\/www.instagram.com\/ukrainian_voices_rc\/\" target=\"_blank\" rel=\"noopener\">\n\t\t\t\t\t\t<span class=\"elementor-screen-only\">Instagram<\/span>\n\t\t\t\t\t\t<i aria-hidden=\"true\" class=\"fab fa-instagram\"><\/i>\t\t\t\t\t<\/a>\n\t\t\t\t<\/span>\n\t\t\t\t\t\t\t<span class=\"elementor-grid-item\" role=\"listitem\">\n\t\t\t\t\t<a class=\"elementor-icon elementor-social-icon elementor-social-icon-telegram elementor-repeater-item-42a3348\" href=\"https:\/\/t.me\/UV_RC\" target=\"_blank\">\n\t\t\t\t\t\t<span class=\"elementor-screen-only\">Telegram<\/span>\n\t\t\t\t\t\t<i aria-hidden=\"true\" class=\"fab fa-telegram\"><\/i>\t\t\t\t\t<\/a>\n\t\t\t\t<\/span>\n\t\t\t\t\t\t\t<span class=\"elementor-grid-item\" role=\"listitem\">\n\t\t\t\t\t<a class=\"elementor-icon elementor-social-icon elementor-social-icon-youtube elementor-repeater-item-d15b067\" href=\"https:\/\/www.youtube.com\/@UkrainianVoicesRC\/videos\" target=\"_blank\" rel=\"noopener\">\n\t\t\t\t\t\t<span class=\"elementor-screen-only\">Youtube<\/span>\n\t\t\t\t\t\t<i aria-hidden=\"true\" class=\"fab fa-youtube\"><\/i>\t\t\t\t\t<\/a>\n\t\t\t\t<\/span>\n\t\t\t\t\t<\/div>\n\t\t\t\t\t\t<\/div>\n\t\t\t\t<\/div>\n\t\t\t\t<\/div>\n\t\t\t\t<\/div>\n\t\t\t\t\t<\/div>\n\t\t\t\t<\/div>\n\t\t\t\t<\/div>\n\t\t","protected":false},"excerpt":{"rendered":"<p>ENGAGEZ-VOUS Que vous souhaitiez devenir b\u00e9n\u00e9vole, acc\u00e9der \u00e0 nos services ou soutenir notre mission, il existe de nombreuses fa\u00e7ons de vous impliquer. Contactez-nous d\u00e8s aujourd&rsquo;hui pour en savoir plus sur la mani\u00e8re dont vous pouvez faire une diff\u00e9rence dans la vie des r\u00e9fugi\u00e9s ukrainiens en Belgique. Devenez b\u00e9n\u00e9vole avec nous ! Comit\u00e9 des r\u00e9fugi\u00e9s Ukrainian [&hellip;]<\/p>\n","protected":false},"author":1,"featured_media":0,"parent":0,"menu_order":0,"comment_status":"closed","ping_status":"closed","template":"","meta":{"_acf_changed":false,"footnotes":""},"class_list":["post-6549","page","type-page","status-publish","hentry"],"acf":[],"_links":{"self":[{"href":"https:\/\/uv-rc.org\/fr\/wp-json\/wp\/v2\/pages\/6549","targetHints":{"allow":["GET"]}}],"collection":[{"href":"https:\/\/uv-rc.org\/fr\/wp-json\/wp\/v2\/pages"}],"about":[{"href":"https:\/\/uv-rc.org\/fr\/wp-json\/wp\/v2\/types\/page"}],"author":[{"embeddable":true,"href":"https:\/\/uv-rc.org\/fr\/wp-json\/wp\/v2\/users\/1"}],"replies":[{"embeddable":true,"href":"https:\/\/uv-rc.org\/fr\/wp-json\/wp\/v2\/comments?post=6549"}],"version-history":[{"count":3,"href":"https:\/\/uv-rc.org\/fr\/wp-json\/wp\/v2\/pages\/6549\/revisions"}],"predecessor-version":[{"id":6552,"href":"https:\/\/uv-rc.org\/fr\/wp-json\/wp\/v2\/pages\/6549\/revisions\/6552"}],"wp:attachment":[{"href":"https:\/\/uv-rc.org\/fr\/wp-json\/wp\/v2\/media?parent=6549"}],"curies":[{"name":"wp","href":"https:\/\/api.w.org\/{rel}","templated":true}]}}