{"id":6545,"date":"2024-09-16T13:40:01","date_gmt":"2024-09-16T11:40:01","guid":{"rendered":"https:\/\/uv-rc.org\/faire-un-don\/"},"modified":"2025-03-11T16:29:26","modified_gmt":"2025-03-11T15:29:26","slug":"faire-un-don","status":"publish","type":"page","link":"https:\/\/uv-rc.org\/fr\/faire-un-don\/","title":{"rendered":"Faire un don"},"content":{"rendered":"\t\t<div data-elementor-type=\"wp-page\" data-elementor-id=\"6545\" class=\"elementor elementor-6545 elementor-2672\" data-elementor-post-type=\"page\">\n\t\t\t\t<div class=\"elementor-element elementor-element-a4645fb e-flex e-con-boxed e-con e-parent\" data-id=\"a4645fb\" data-element_type=\"container\" data-e-type=\"container\" data-settings=\"{&quot;background_background&quot;:&quot;classic&quot;}\">\n\t\t\t\t\t<div class=\"e-con-inner\">\n\t\t<div class=\"elementor-element elementor-element-f6190ab e-con-full e-transform e-flex elementor-invisible e-con e-child\" data-id=\"f6190ab\" data-element_type=\"container\" data-e-type=\"container\" data-settings=\"{&quot;background_background&quot;:&quot;classic&quot;,&quot;animation&quot;:&quot;fadeInLeft&quot;,&quot;_transform_scale_effect_hover&quot;:{&quot;unit&quot;:&quot;px&quot;,&quot;size&quot;:1.05,&quot;sizes&quot;:[]},&quot;_transform_scale_effect_hover_mobile&quot;:{&quot;unit&quot;:&quot;px&quot;,&quot;size&quot;:1,&quot;sizes&quot;:[]},&quot;_transform_scale_effect_hover_tablet&quot;:{&quot;unit&quot;:&quot;px&quot;,&quot;size&quot;:&quot;&quot;,&quot;sizes&quot;:[]}}\">\n\t\t\t\t<div class=\"elementor-element elementor-element-bad09c8 elementor-widget__width-inherit elementor-invisible elementor-widget elementor-widget-heading\" data-id=\"bad09c8\" data-element_type=\"widget\" data-e-type=\"widget\" data-settings=\"{&quot;_animation&quot;:&quot;fadeIn&quot;}\" data-widget_type=\"heading.default\">\n\t\t\t\t<div class=\"elementor-widget-container\">\n\t\t\t\t\t<h1 class=\"elementor-heading-title elementor-size-default\">Faire un don<\/h1>\t\t\t\t<\/div>\n\t\t\t\t<\/div>\n\t\t\t\t<div class=\"elementor-element elementor-element-70adc26 elementor-widget elementor-widget-text-editor\" data-id=\"70adc26\" data-element_type=\"widget\" data-e-type=\"widget\" data-widget_type=\"text-editor.default\">\n\t\t\t\t<div class=\"elementor-widget-container\">\n\t\t\t\t\t\t\t\t\t<p class=\"p1\">Ukrainian Voices \u2013 RC \u00e0 Bruxelles travaille activement pour l&rsquo;int\u00e9gration de tous les b\u00e9n\u00e9ficiaires de la protection temporaire arrivant en Belgique. Nous soutenons et coordonnons notre communaut\u00e9 en mati\u00e8re de documents, d&rsquo;assistance sociale, d&rsquo;\u00e9ducation, de travail, de sant\u00e9, de sant\u00e9 mentale et de logement. <\/p>\n<p class=\"p1\">Vos g\u00e9n\u00e9reux dons nous aident \u00e0 financer des programmes essentiels, fournir un soutien aux communaut\u00e9s et cr\u00e9er un changement durable.<\/p>\n<p class=\"p1\">En faisant un don aujourd&rsquo;hui, vous contribuez directement \u00e0 :<\/p>\n<ul>\n<li class=\"p1\">Programmes sp\u00e9cifiques pour les r\u00e9fugi\u00e9s : logement, sant\u00e9, protection sociale et \u00e9ducation.<\/li>\n<li class=\"p1\">Soutien \u00e0 la communaut\u00e9 : nous aider \u00e0 fournir des ressources, de l&rsquo;\u00e9ducation et de l&rsquo;assistance aux individus et aux familles dans le besoin.<\/li>\n<li class=\"p1\">Durabilit\u00e9 : assurer la p\u00e9rennit\u00e9 de notre mission et \u00e9largir notre port\u00e9e.<\/li>\n<\/ul>\n<p class=\"p1\">Chaque contribution, qu&rsquo;elle soit grande ou petite, a un r\u00e9el impact. Nous vous remercions sinc\u00e8rement pour votre soutien dans la r\u00e9alisation de nos objectifs. <\/p>\n\t\t\t\t\t\t\t\t<\/div>\n\t\t\t\t<\/div>\n\t\t\t\t<\/div>\n\t\t<div class=\"elementor-element elementor-element-d24a990 e-con-full e-transform e-flex elementor-invisible e-con e-child\" data-id=\"d24a990\" data-element_type=\"container\" data-e-type=\"container\" data-settings=\"{&quot;background_background&quot;:&quot;classic&quot;,&quot;animation&quot;:&quot;fadeInRight&quot;,&quot;_transform_scale_effect_hover&quot;:{&quot;unit&quot;:&quot;px&quot;,&quot;size&quot;:1.05,&quot;sizes&quot;:[]},&quot;_transform_scale_effect_hover_mobile&quot;:{&quot;unit&quot;:&quot;px&quot;,&quot;size&quot;:1,&quot;sizes&quot;:[]},&quot;_transform_scale_effect_hover_tablet&quot;:{&quot;unit&quot;:&quot;px&quot;,&quot;size&quot;:&quot;&quot;,&quot;sizes&quot;:[]}}\">\n\t\t\t\t<div class=\"elementor-element elementor-element-df0d7b2 elementor-widget elementor-widget-text-editor\" data-id=\"df0d7b2\" data-element_type=\"widget\" data-e-type=\"widget\" data-widget_type=\"text-editor.default\">\n\t\t\t\t<div class=\"elementor-widget-container\">\n\t\t\t\t\t\t\t\t\t<p class=\"p1\">\u00c0 payer \u00e0 la r\u00e9ception \u00e0 BNP Paribas Fortis<\/p>\n<p class=\"p2\"><span style=\"text-decoration: underline;\"><span class=\"s1\">IBAN<\/span><span class=\"s2\"> BE55 0019 3792 8644<\/span><\/span><\/p>\n<p class=\"p3\">Enregistrement de Ukraine Voices &#8211; RC ASBL : #<span class=\"s3\">0791.864.844.<\/span><\/p>\n<p class=\"p2\"><span class=\"s1\">Adresse<\/span> : 4 rue de la Presse, 1000 Bruxelles<\/p>\n<p class=\"p4\"><span class=\"s4\">e-mail<\/span><span class=\"s5\">: <a href=\"mailto:finance-uv@refcom.ngo\"><span class=\"s6\">finance-uv@refcom.ngo<\/span><\/a><\/span><\/p>\n\t\t\t\t\t\t\t\t<\/div>\n\t\t\t\t<\/div>\n\t\t\t\t<\/div>\n\t\t\t\t\t<\/div>\n\t\t\t\t<\/div>\n\t\t\t\t<\/div>\n\t\t","protected":false},"excerpt":{"rendered":"<p>Faire un don Ukrainian Voices \u2013 RC \u00e0 Bruxelles travaille activement pour l&rsquo;int\u00e9gration de tous les b\u00e9n\u00e9ficiaires de la protection temporaire arrivant en Belgique. Nous soutenons et coordonnons notre communaut\u00e9 en mati\u00e8re de documents, d&rsquo;assistance sociale, d&rsquo;\u00e9ducation, de travail, de sant\u00e9, de sant\u00e9 mentale et de logement. Vos g\u00e9n\u00e9reux dons nous aident \u00e0 financer des [&hellip;]<\/p>\n","protected":false},"author":1,"featured_media":0,"parent":0,"menu_order":0,"comment_status":"closed","ping_status":"closed","template":"","meta":{"_acf_changed":false,"footnotes":""},"class_list":["post-6545","page","type-page","status-publish","hentry"],"acf":[],"_links":{"self":[{"href":"https:\/\/uv-rc.org\/fr\/wp-json\/wp\/v2\/pages\/6545","targetHints":{"allow":["GET"]}}],"collection":[{"href":"https:\/\/uv-rc.org\/fr\/wp-json\/wp\/v2\/pages"}],"about":[{"href":"https:\/\/uv-rc.org\/fr\/wp-json\/wp\/v2\/types\/page"}],"author":[{"embeddable":true,"href":"https:\/\/uv-rc.org\/fr\/wp-json\/wp\/v2\/users\/1"}],"replies":[{"embeddable":true,"href":"https:\/\/uv-rc.org\/fr\/wp-json\/wp\/v2\/comments?post=6545"}],"version-history":[{"count":1,"href":"https:\/\/uv-rc.org\/fr\/wp-json\/wp\/v2\/pages\/6545\/revisions"}],"predecessor-version":[{"id":6546,"href":"https:\/\/uv-rc.org\/fr\/wp-json\/wp\/v2\/pages\/6545\/revisions\/6546"}],"wp:attachment":[{"href":"https:\/\/uv-rc.org\/fr\/wp-json\/wp\/v2\/media?parent=6545"}],"curies":[{"name":"wp","href":"https:\/\/api.w.org\/{rel}","templated":true}]}}