{"id":6536,"date":"2024-10-21T17:39:32","date_gmt":"2024-10-21T15:39:32","guid":{"rendered":"https:\/\/uv-rc.org\/projets\/equipe-spoc\/"},"modified":"2025-03-11T16:17:42","modified_gmt":"2025-03-11T15:17:42","slug":"equipe-spoc","status":"publish","type":"page","link":"https:\/\/uv-rc.org\/fr\/projets\/equipe-spoc\/","title":{"rendered":"Equipe SPOC"},"content":{"rendered":"\t\t<div data-elementor-type=\"wp-page\" data-elementor-id=\"6536\" class=\"elementor elementor-6536 elementor-3172\" data-elementor-post-type=\"page\">\n\t\t\t\t<div class=\"elementor-element elementor-element-3f011a7 e-flex e-con-boxed e-con e-parent\" data-id=\"3f011a7\" data-element_type=\"container\" data-e-type=\"container\" data-settings=\"{&quot;background_background&quot;:&quot;classic&quot;}\">\n\t\t\t\t\t<div class=\"e-con-inner\">\n\t\t<div class=\"elementor-element elementor-element-5bc1f26 e-con-full e-transform e-flex elementor-invisible e-con e-child\" data-id=\"5bc1f26\" data-element_type=\"container\" data-e-type=\"container\" data-settings=\"{&quot;background_background&quot;:&quot;classic&quot;,&quot;animation&quot;:&quot;fadeIn&quot;,&quot;_transform_scale_effect_hover&quot;:{&quot;unit&quot;:&quot;px&quot;,&quot;size&quot;:1.05,&quot;sizes&quot;:[]},&quot;_transform_scale_effect_hover_tablet&quot;:{&quot;unit&quot;:&quot;px&quot;,&quot;size&quot;:1,&quot;sizes&quot;:[]},&quot;_transform_scale_effect_hover_mobile&quot;:{&quot;unit&quot;:&quot;px&quot;,&quot;size&quot;:&quot;&quot;,&quot;sizes&quot;:[]}}\">\n\t\t<div class=\"elementor-element elementor-element-900577e e-con-full e-flex e-con e-child\" data-id=\"900577e\" data-element_type=\"container\" data-e-type=\"container\">\n\t\t\t\t<div class=\"elementor-element elementor-element-1a0ec5a elementor-widget__width-inherit elementor-invisible elementor-widget elementor-widget-heading\" data-id=\"1a0ec5a\" data-element_type=\"widget\" data-e-type=\"widget\" data-settings=\"{&quot;_animation&quot;:&quot;fadeIn&quot;}\" data-widget_type=\"heading.default\">\n\t\t\t\t<div class=\"elementor-widget-container\">\n\t\t\t\t\t<h1 class=\"elementor-heading-title elementor-size-default\">PROJET SPOC<\/h1>\t\t\t\t<\/div>\n\t\t\t\t<\/div>\n\t\t\t\t<div class=\"elementor-element elementor-element-6e6bb5c elementor-widget elementor-widget-text-editor\" data-id=\"6e6bb5c\" data-element_type=\"widget\" data-e-type=\"widget\" data-widget_type=\"text-editor.default\">\n\t\t\t\t<div class=\"elementor-widget-container\">\n\t\t\t\t\t\t\t\t\t<p><span style=\"font-weight: 400;\">Le projet SPOC (Special Persons of Contact) est une initiative unique visant \u00e0 am\u00e9liorer l&rsquo;int\u00e9gration des r\u00e9fugi\u00e9s ukrainiens dans la r\u00e9gion de Bruxelles. Gr\u00e2ce \u00e0 une approche communautaire, sept Personnes Sp\u00e9ciales de Contact(SPOC), s\u00e9lectionn\u00e9es par le HCR en collaboration avec le gouvernement r\u00e9gional de Bruxelles, travaillent en \u00e9troite collaboration avec les structures gouvernementales belges, les administrations locales et diverses organisations partenaires pour garantir une r\u00e9ponse coh\u00e9rente et coordonn\u00e9e aux besoins des r\u00e9fugi\u00e9s ukrainiens. Leur r\u00f4le est central pour relier la communaut\u00e9 ukrainienne aux services disponibles, tout en veillant \u00e0 ce que le processus d&rsquo;int\u00e9gration soit efficace, transparent et r\u00e9actif face aux besoins \u00e9volutifs des r\u00e9fugi\u00e9s. <\/span><\/p>\n<h5><strong>Responsabilit\u00e9s cl\u00e9s de l\u2019\u00e9quipe SPOC :<\/strong><\/h5>\n<ol>\n<li> <i><span style=\"font-weight: 400;\">Engagement communautaire et partage d&rsquo;informations : <\/span><\/i><span style=\"font-weight: 400;\">Les SPOC travaillent pour comprendre les besoins et d\u00e9fis auxquels la communaut\u00e9 des r\u00e9fugi\u00e9s ukrainiens est confront\u00e9e.<\/span> <\/li>\n<\/ol>\n<ol start=\"2\">\n<li><i><span style=\"font-weight: 400;\"> Traduction et diffusion de l&rsquo;information : <\/span><\/i><span style=\"font-weight: 400;\">Afin de garantir l&rsquo;accessibilit\u00e9, les SPOC traduisent les \u00e9l\u00e9ments cl\u00e9s des plans gouvernementaux en ukrainien et dans d&rsquo;autres langues pertinentes. Ils diffusent ces informations par divers canaux tels que les r\u00e9seaux sociaux, les supports imprim\u00e9s et les r\u00e9seaux communautaires, afin que les r\u00e9fugi\u00e9s soient inform\u00e9s et autonomes dans leurs d\u00e9marches. <\/span><\/li>\n<\/ol>\n<ol start=\"3\">\n<li><i><span style=\"font-weight: 400;\"> Discussions de groupe : <\/span><\/i><span style=\"font-weight: 400;\">Les SPOC organisent et facilitent des discussions de groupe avec les r\u00e9fugi\u00e9s ukrainiens sur des sujets li\u00e9s au logement, \u00e0 l&#8217;emploi, aux soins de sant\u00e9 et \u00e0 d&rsquo;autres aspects de l&rsquo;int\u00e9gration. Ces discussions fournissent des retours pr\u00e9cieux de la communaut\u00e9, qui alimentent les d\u00e9cisions politiques et permettent d&rsquo;adapter les solutions de soutien aux besoins sp\u00e9cifiques des r\u00e9fugi\u00e9s. <\/span><\/li>\n<\/ol>\n<ol start=\"4\">\n<li><i><span style=\"font-weight: 400;\"> Participation active aux r\u00e9unions sectorielles : <\/span><\/i><span style=\"font-weight: 400;\">Les SPOC assistent \u00e0 toutes les r\u00e9unions sectorielles pour repr\u00e9senter les points de vue et les pr\u00e9occupations de la communaut\u00e9 ukrainienne. Ils jouent un r\u00f4le crucial en s&rsquo;assurant que la voix de la communaut\u00e9 soit entendue dans le processus d\u00e9cisionnel et maintiennent un flux continu d&rsquo;informations entre les autorit\u00e9s gouvernementales et la population r\u00e9fugi\u00e9e. <\/span><\/li>\n<\/ol>\n<ol start=\"5\">\n<li><i><span style=\"font-weight: 400;\"> Collecte de donn\u00e9es pour le suivi de l&rsquo;impact :<\/span><\/i><\/li>\n<\/ol>\n<div><i> <\/i><\/div>\n<p><span style=\"font-weight: 400;\">Les SPOC sont responsables de la collecte et de la communication des donn\u00e9es quantitatives afin d&rsquo;\u00e9valuer l&rsquo;impact des efforts d&rsquo;int\u00e9gration. <\/span><\/p>\n<h5><strong>Les SPOC ukrainiens sont d\u00e9ploy\u00e9s dans divers secteurs cl\u00e9s de l&rsquo;int\u00e9gration, notamment :<\/strong><\/h5>\n<ul>\n<li style=\"font-weight: 400;\" aria-level=\"1\"><span style=\"font-weight: 400;\">Coordination du logement (GT1) : Soutenir les r\u00e9fugi\u00e9s pour s\u00e9curiser un logement adapt\u00e9, garantissant ainsi un environnement de vie s\u00fbr et stable.<\/span><\/li>\n<li style=\"font-weight: 400;\" aria-level=\"1\"><span style=\"font-weight: 400;\">Coordination du logement d&rsquo;urgence (GT2) :<br \/>Le programme Shelters offre des solutions de logement temporaire pour les personnes et familles rencontrant des difficult\u00e9s pour acc\u00e9der au logement public ou locatif social. Notre programme vise \u00e0 cr\u00e9er des environnements s\u00fbrs et accueillants o\u00f9 les r\u00e9sidents peuvent trouver une stabilit\u00e9 en attendant des solutions de logement \u00e0 long terme. <\/span><\/li>\n<li style=\"font-weight: 400;\" aria-level=\"1\"><span style=\"font-weight: 400;\">Coordination de l&#8217;emploi (GT3) : Aider les r\u00e9fugi\u00e9s \u00e0 acc\u00e9der \u00e0 des opportunit\u00e9s d&#8217;emploi, favorisant ainsi la stabilit\u00e9 \u00e9conomique et l&rsquo;autosuffisance.<\/span><\/li>\n<li style=\"font-weight: 400;\" aria-level=\"1\"><span style=\"font-weight: 400;\">Coordination de l&rsquo;\u00e9ducation (GT4) :<br \/>Nous d\u00e9veloppons des programmes extrascolaires inclusifs en fran\u00e7ais et en n\u00e9erlandais pour les enfants r\u00e9cemment arriv\u00e9s, en mettant l&rsquo;accent sur les options de formation linguistique et en permettant \u00e0 la communaut\u00e9 ukrainienne d&rsquo;organiser des activit\u00e9s parascolaires. <\/span><span style=\"font-weight: 400;\">Assurer une information claire sur la reconnaissance des niveaux et l&rsquo;\u00e9quivalence des dipl\u00f4mes pour l&rsquo;acc\u00e8s \u00e0 l&rsquo;enseignement sup\u00e9rieur est essentiel, et nous fournissons aux familles ukrainiennes les ressources n\u00e9cessaires pour naviguer dans ces d\u00e9marches. <\/span><\/li>\n<li style=\"font-weight: 400;\" aria-level=\"1\"><span style=\"font-weight: 400;\">Coordination des soins de sant\u00e9 (GT5) : Faciliter l&rsquo;acc\u00e8s aux ressources et services de sant\u00e9, en mettant l&rsquo;accent sur le bien-\u00eatre physique et mental des r\u00e9fugi\u00e9s.<\/span><\/li>\n<li style=\"font-weight: 400;\" aria-level=\"1\"><span style=\"font-weight: 400;\">Coordination sociale (GT6) : Fournir un soutien et une assistance pour l&rsquo;int\u00e9gration sociale, y compris l&rsquo;acc\u00e8s aux programmes de protection sociale et aux ressources communautaires.<\/span><\/li>\n<li style=\"font-weight: 400;\" aria-level=\"1\"><span style=\"font-weight: 400;\">Production et diffusion d&rsquo;informations pertinentes (GT7) : Collecter, cr\u00e9er et partager des informations sur les processus d&rsquo;int\u00e9gration et les ressources disponibles en Belgique, en donnant aux r\u00e9fugi\u00e9s les connaissances n\u00e9cessaires pour naviguer et s&rsquo;int\u00e9grer efficacement dans leur nouvel environnement. Nous diffusons ces informations via les r\u00e9seaux sociaux, les sites web et des sessions d&rsquo;information, en garantissant l&rsquo;acc\u00e8s aux services d&rsquo;interpr\u00e9tation. <\/span><\/li>\n<\/ul>\n<div> <\/div>\n<p>Le projet SPOC est un \u00e9l\u00e9ment essentiel des efforts plus larges visant \u00e0 favoriser l&rsquo;int\u00e9gration sociale et \u00e9conomique des r\u00e9fugi\u00e9s ukrainiens \u00e0 Bruxelles, en les aidant \u00e0 devenir des participants actifs dans leurs nouvelles communaut\u00e9s tout en recevant le soutien n\u00e9cessaire pour prosp\u00e9rer.<\/p>\n\t\t\t\t\t\t\t\t<\/div>\n\t\t\t\t<\/div>\n\t\t<div class=\"elementor-element elementor-element-675fcd8 e-con-full e-flex e-con e-child\" data-id=\"675fcd8\" data-element_type=\"container\" data-e-type=\"container\">\n\t\t\t\t<\/div>\n\t\t<div class=\"elementor-element elementor-element-f070163 e-con-full e-flex e-con e-child\" data-id=\"f070163\" data-element_type=\"container\" data-e-type=\"container\">\n\t\t<div class=\"elementor-element elementor-element-684258c e-con-full e-flex e-con e-child\" data-id=\"684258c\" data-element_type=\"container\" data-e-type=\"container\" data-settings=\"{&quot;background_background&quot;:&quot;classic&quot;}\">\n\t\t<div class=\"elementor-element elementor-element-7d1e01f e-con-full titre_infras e-flex e-con e-child\" data-id=\"7d1e01f\" data-element_type=\"container\" data-e-type=\"container\">\n\t\t\t\t<div class=\"elementor-element elementor-element-eb75e73 elementor-widget elementor-widget-icon-box\" data-id=\"eb75e73\" data-element_type=\"widget\" data-e-type=\"widget\" data-widget_type=\"icon-box.default\">\n\t\t\t\t<div class=\"elementor-widget-container\">\n\t\t\t\t\t\t\t<div class=\"elementor-icon-box-wrapper\">\n\n\t\t\t\n\t\t\t\t\t\t<div class=\"elementor-icon-box-content\">\n\n\t\t\t\t\t\t\t\t\t<h3 class=\"elementor-icon-box-title\">\n\t\t\t\t\t\t<span  >\n\t\t\t\t\t\t\tAlina Kokhanko\t\t\t\t\t\t<\/span>\n\t\t\t\t\t<\/h3>\n\t\t\t\t\n\t\t\t\t\t\t\t\t\t<p class=\"elementor-icon-box-description\">\n\t\t\t\t\t\tCoordinateur de l'\u00e9quipe ukrainienne SPOC (GT7)\t\t\t\t\t<\/p>\n\t\t\t\t\n\t\t\t<\/div>\n\t\t\t\n\t\t<\/div>\n\t\t\t\t\t\t<\/div>\n\t\t\t\t<\/div>\n\t\t\t\t<\/div>\n\t\t\t\t<\/div>\n\t\t<div class=\"elementor-element elementor-element-af25115 e-con-full e-flex e-con e-child\" data-id=\"af25115\" data-element_type=\"container\" data-e-type=\"container\" data-settings=\"{&quot;background_background&quot;:&quot;classic&quot;}\">\n\t\t<div class=\"elementor-element elementor-element-a85fa52 e-con-full titre_infras e-flex e-con e-child\" data-id=\"a85fa52\" data-element_type=\"container\" data-e-type=\"container\">\n\t\t\t\t<div class=\"elementor-element elementor-element-ca23499 elementor-widget elementor-widget-icon-box\" data-id=\"ca23499\" data-element_type=\"widget\" data-e-type=\"widget\" data-widget_type=\"icon-box.default\">\n\t\t\t\t<div class=\"elementor-widget-container\">\n\t\t\t\t\t\t\t<div class=\"elementor-icon-box-wrapper\">\n\n\t\t\t\n\t\t\t\t\t\t<div class=\"elementor-icon-box-content\">\n\n\t\t\t\t\t\t\t\t\t<h3 class=\"elementor-icon-box-title\">\n\t\t\t\t\t\t<span  >\n\t\t\t\t\t\t\tMarina Krasnoshchok\t\t\t\t\t\t<\/span>\n\t\t\t\t\t<\/h3>\n\t\t\t\t\n\t\t\t\t\t\t\t\t\t<p class=\"elementor-icon-box-description\">\n\t\t\t\t\t\tLogement de crise (GT2)\t\t\t\t\t<\/p>\n\t\t\t\t\n\t\t\t<\/div>\n\t\t\t\n\t\t<\/div>\n\t\t\t\t\t\t<\/div>\n\t\t\t\t<\/div>\n\t\t\t\t<\/div>\n\t\t\t\t<\/div>\n\t\t<div class=\"elementor-element elementor-element-d63f0c9 e-con-full e-flex e-con e-child\" data-id=\"d63f0c9\" data-element_type=\"container\" data-e-type=\"container\" data-settings=\"{&quot;background_background&quot;:&quot;classic&quot;}\">\n\t\t<div class=\"elementor-element elementor-element-743027e e-con-full titre_infras e-flex e-con e-child\" data-id=\"743027e\" data-element_type=\"container\" data-e-type=\"container\">\n\t\t\t\t<div class=\"elementor-element elementor-element-1084c76 elementor-widget elementor-widget-icon-box\" data-id=\"1084c76\" data-element_type=\"widget\" data-e-type=\"widget\" data-widget_type=\"icon-box.default\">\n\t\t\t\t<div class=\"elementor-widget-container\">\n\t\t\t\t\t\t\t<div class=\"elementor-icon-box-wrapper\">\n\n\t\t\t\n\t\t\t\t\t\t<div class=\"elementor-icon-box-content\">\n\n\t\t\t\t\t\t\t\t\t<h3 class=\"elementor-icon-box-title\">\n\t\t\t\t\t\t<span  >\n\t\t\t\t\t\t\tMisha Dzivitsky\t\t\t\t\t\t<\/span>\n\t\t\t\t\t<\/h3>\n\t\t\t\t\n\t\t\t\t\t\t\t\t\t<p class=\"elementor-icon-box-description\">\n\t\t\t\t\t\tJob (GT3)\t\t\t\t\t<\/p>\n\t\t\t\t\n\t\t\t<\/div>\n\t\t\t\n\t\t<\/div>\n\t\t\t\t\t\t<\/div>\n\t\t\t\t<\/div>\n\t\t\t\t<\/div>\n\t\t\t\t<\/div>\n\t\t<div class=\"elementor-element elementor-element-2f59b46 e-con-full e-flex e-con e-child\" data-id=\"2f59b46\" data-element_type=\"container\" data-e-type=\"container\" data-settings=\"{&quot;background_background&quot;:&quot;classic&quot;}\">\n\t\t<div class=\"elementor-element elementor-element-1769be6 e-con-full titre_infras e-flex e-con e-child\" data-id=\"1769be6\" data-element_type=\"container\" data-e-type=\"container\">\n\t\t\t\t<div class=\"elementor-element elementor-element-e28d83b elementor-widget elementor-widget-icon-box\" data-id=\"e28d83b\" data-element_type=\"widget\" data-e-type=\"widget\" data-widget_type=\"icon-box.default\">\n\t\t\t\t<div class=\"elementor-widget-container\">\n\t\t\t\t\t\t\t<div class=\"elementor-icon-box-wrapper\">\n\n\t\t\t\n\t\t\t\t\t\t<div class=\"elementor-icon-box-content\">\n\n\t\t\t\t\t\t\t\t\t<h3 class=\"elementor-icon-box-title\">\n\t\t\t\t\t\t<span  >\n\t\t\t\t\t\t\tPawlo Koshka\t\t\t\t\t\t<\/span>\n\t\t\t\t\t<\/h3>\n\t\t\t\t\n\t\t\t\t\t\t\t\t\t<p class=\"elementor-icon-box-description\">\n\t\t\t\t\t\t\u00c9ducation (GT4), coordinnateur centre communautaire \t\t\t\t\t<\/p>\n\t\t\t\t\n\t\t\t<\/div>\n\t\t\t\n\t\t<\/div>\n\t\t\t\t\t\t<\/div>\n\t\t\t\t<\/div>\n\t\t\t\t<\/div>\n\t\t\t\t<\/div>\n\t\t<div class=\"elementor-element elementor-element-f9721e1 e-con-full e-flex e-con e-child\" data-id=\"f9721e1\" data-element_type=\"container\" data-e-type=\"container\" data-settings=\"{&quot;background_background&quot;:&quot;classic&quot;}\">\n\t\t<div class=\"elementor-element elementor-element-dc176e0 e-con-full titre_infras e-flex e-con e-child\" data-id=\"dc176e0\" data-element_type=\"container\" data-e-type=\"container\">\n\t\t\t\t<div class=\"elementor-element elementor-element-786216b elementor-widget elementor-widget-icon-box\" data-id=\"786216b\" data-element_type=\"widget\" data-e-type=\"widget\" data-widget_type=\"icon-box.default\">\n\t\t\t\t<div class=\"elementor-widget-container\">\n\t\t\t\t\t\t\t<div class=\"elementor-icon-box-wrapper\">\n\n\t\t\t\n\t\t\t\t\t\t<div class=\"elementor-icon-box-content\">\n\n\t\t\t\t\t\t\t\t\t<h3 class=\"elementor-icon-box-title\">\n\t\t\t\t\t\t<span  >\n\t\t\t\t\t\t\tIrina Slota \t\t\t\t\t\t<\/span>\n\t\t\t\t\t<\/h3>\n\t\t\t\t\n\t\t\t\t\t\t\t\t\t<p class=\"elementor-icon-box-description\">\n\t\t\t\t\t\tLogement (GT1)\t\t\t\t\t<\/p>\n\t\t\t\t\n\t\t\t<\/div>\n\t\t\t\n\t\t<\/div>\n\t\t\t\t\t\t<\/div>\n\t\t\t\t<\/div>\n\t\t\t\t<\/div>\n\t\t\t\t<\/div>\n\t\t<div class=\"elementor-element elementor-element-f155614 e-con-full e-flex e-con e-child\" data-id=\"f155614\" data-element_type=\"container\" data-e-type=\"container\" data-settings=\"{&quot;background_background&quot;:&quot;classic&quot;}\">\n\t\t<div class=\"elementor-element elementor-element-9502602 e-con-full titre_infras e-flex e-con e-child\" data-id=\"9502602\" data-element_type=\"container\" data-e-type=\"container\">\n\t\t\t\t<div class=\"elementor-element elementor-element-6976ea1 elementor-widget elementor-widget-icon-box\" data-id=\"6976ea1\" data-element_type=\"widget\" data-e-type=\"widget\" data-widget_type=\"icon-box.default\">\n\t\t\t\t<div class=\"elementor-widget-container\">\n\t\t\t\t\t\t\t<div class=\"elementor-icon-box-wrapper\">\n\n\t\t\t\n\t\t\t\t\t\t<div class=\"elementor-icon-box-content\">\n\n\t\t\t\t\t\t\t\t\t<h3 class=\"elementor-icon-box-title\">\n\t\t\t\t\t\t<span  >\n\t\t\t\t\t\t\tMariia Paduri\t\t\t\t\t\t<\/span>\n\t\t\t\t\t<\/h3>\n\t\t\t\t\n\t\t\t\t\t\t\t\t\t<p class=\"elementor-icon-box-description\">\n\t\t\t\t\t\tSant\u00e9 et protection sociale (GT5\/6)\t\t\t\t\t<\/p>\n\t\t\t\t\n\t\t\t<\/div>\n\t\t\t\n\t\t<\/div>\n\t\t\t\t\t\t<\/div>\n\t\t\t\t<\/div>\n\t\t\t\t<\/div>\n\t\t\t\t<\/div>\n\t\t\t\t<\/div>\n\t\t\t\t<div class=\"elementor-element elementor-element-a8bf953 elementor-align-left elementor-widget elementor-widget-button\" data-id=\"a8bf953\" data-element_type=\"widget\" data-e-type=\"widget\" data-widget_type=\"button.default\">\n\t\t\t\t<div class=\"elementor-widget-container\">\n\t\t\t\t\t\t\t\t\t<div class=\"elementor-button-wrapper\">\n\t\t\t\t\t<a class=\"elementor-button elementor-button-link elementor-size-sm\" href=\"https:\/\/uv-rc.org\/fr\/projets\/\">\n\t\t\t\t\t\t<span class=\"elementor-button-content-wrapper\">\n\t\t\t\t\t\t\t\t\t<span class=\"elementor-button-text\">&lt; Retour aux projets<\/span>\n\t\t\t\t\t<\/span>\n\t\t\t\t\t<\/a>\n\t\t\t\t<\/div>\n\t\t\t\t\t\t\t\t<\/div>\n\t\t\t\t<\/div>\n\t\t\t\t<\/div>\n\t\t\t\t<\/div>\n\t\t\t\t\t<\/div>\n\t\t\t\t<\/div>\n\t\t<div class=\"elementor-element elementor-element-aca6486 e-flex e-con-boxed e-con e-parent\" data-id=\"aca6486\" data-element_type=\"container\" data-e-type=\"container\" data-settings=\"{&quot;background_background&quot;:&quot;classic&quot;}\">\n\t\t\t\t\t<div class=\"e-con-inner\">\n\t\t<div class=\"elementor-element elementor-element-6de01b4 e-con-full e-transform e-flex elementor-invisible e-con e-child\" data-id=\"6de01b4\" data-element_type=\"container\" data-e-type=\"container\" data-settings=\"{&quot;background_background&quot;:&quot;classic&quot;,&quot;animation&quot;:&quot;fadeIn&quot;,&quot;_transform_scale_effect_hover&quot;:{&quot;unit&quot;:&quot;px&quot;,&quot;size&quot;:1.05,&quot;sizes&quot;:[]},&quot;_transform_scale_effect_hover_tablet&quot;:{&quot;unit&quot;:&quot;px&quot;,&quot;size&quot;:1,&quot;sizes&quot;:[]},&quot;_transform_scale_effect_hover_mobile&quot;:{&quot;unit&quot;:&quot;px&quot;,&quot;size&quot;:&quot;&quot;,&quot;sizes&quot;:[]}}\">\n\t\t<div class=\"elementor-element elementor-element-1d853bb e-con-full e-flex e-con e-child\" data-id=\"1d853bb\" data-element_type=\"container\" data-e-type=\"container\">\n\t\t\t\t<div class=\"elementor-element elementor-element-0eb1628 elementor-widget elementor-widget-gallery\" data-id=\"0eb1628\" data-element_type=\"widget\" data-e-type=\"widget\" data-settings=\"{&quot;lazyload&quot;:&quot;yes&quot;,&quot;gallery_layout&quot;:&quot;grid&quot;,&quot;columns&quot;:4,&quot;columns_tablet&quot;:2,&quot;columns_mobile&quot;:1,&quot;gap&quot;:{&quot;unit&quot;:&quot;px&quot;,&quot;size&quot;:10,&quot;sizes&quot;:[]},&quot;gap_tablet&quot;:{&quot;unit&quot;:&quot;px&quot;,&quot;size&quot;:10,&quot;sizes&quot;:[]},&quot;gap_mobile&quot;:{&quot;unit&quot;:&quot;px&quot;,&quot;size&quot;:10,&quot;sizes&quot;:[]},&quot;link_to&quot;:&quot;file&quot;,&quot;aspect_ratio&quot;:&quot;3:2&quot;,&quot;overlay_background&quot;:&quot;yes&quot;,&quot;content_hover_animation&quot;:&quot;fade-in&quot;}\" data-widget_type=\"gallery.default\">\n\t\t\t\t<div class=\"elementor-widget-container\">\n\t\t\t\t\t\t\t<div class=\"elementor-gallery__container\">\n\t\t\t\t\t\t\t<a class=\"e-gallery-item elementor-gallery-item elementor-animated-content\" href=\"https:\/\/uv-rc.org\/wp-content\/uploads\/2024\/10\/IMG_4012-scaled.jpg\" data-elementor-open-lightbox=\"yes\" data-elementor-lightbox-slideshow=\"0eb1628\" data-elementor-lightbox-title=\"IMG_4012\" data-e-action-hash=\"#elementor-action%3Aaction%3Dlightbox%26settings%3DeyJpZCI6NDQwMywidXJsIjoiaHR0cHM6XC9cL3V2LXJjLm9yZ1wvd3AtY29udGVudFwvdXBsb2Fkc1wvMjAyNFwvMTBcL0lNR180MDEyLXNjYWxlZC5qcGciLCJzbGlkZXNob3ciOiIwZWIxNjI4In0%3D\">\n\t\t\t\t\t<div class=\"e-gallery-image elementor-gallery-item__image\" data-thumbnail=\"https:\/\/uv-rc.org\/wp-content\/uploads\/2024\/10\/IMG_4012-300x200.jpg\" data-width=\"300\" data-height=\"200\" aria-label=\"\" role=\"img\" ><\/div>\n\t\t\t\t\t\t\t\t\t\t\t<div class=\"elementor-gallery-item__overlay\"><\/div>\n\t\t\t\t\t\t\t\t\t\t\t\t\t\t<\/a>\n\t\t\t\t\t\t\t<a class=\"e-gallery-item elementor-gallery-item elementor-animated-content\" href=\"https:\/\/uv-rc.org\/wp-content\/uploads\/2024\/10\/IMG_0648-scaled.jpg\" data-elementor-open-lightbox=\"yes\" data-elementor-lightbox-slideshow=\"0eb1628\" data-elementor-lightbox-title=\"IMG_0648\" data-e-action-hash=\"#elementor-action%3Aaction%3Dlightbox%26settings%3DeyJpZCI6NDQwNSwidXJsIjoiaHR0cHM6XC9cL3V2LXJjLm9yZ1wvd3AtY29udGVudFwvdXBsb2Fkc1wvMjAyNFwvMTBcL0lNR18wNjQ4LXNjYWxlZC5qcGciLCJzbGlkZXNob3ciOiIwZWIxNjI4In0%3D\">\n\t\t\t\t\t<div class=\"e-gallery-image elementor-gallery-item__image\" data-thumbnail=\"https:\/\/uv-rc.org\/wp-content\/uploads\/2024\/10\/IMG_0648-300x200.jpg\" data-width=\"300\" data-height=\"200\" aria-label=\"\" role=\"img\" ><\/div>\n\t\t\t\t\t\t\t\t\t\t\t<div class=\"elementor-gallery-item__overlay\"><\/div>\n\t\t\t\t\t\t\t\t\t\t\t\t\t\t<\/a>\n\t\t\t\t\t\t\t<a class=\"e-gallery-item elementor-gallery-item elementor-animated-content\" href=\"https:\/\/uv-rc.org\/wp-content\/uploads\/2024\/10\/IMG_0606-scaled.jpg\" data-elementor-open-lightbox=\"yes\" data-elementor-lightbox-slideshow=\"0eb1628\" data-elementor-lightbox-title=\"IMG_0606\" data-e-action-hash=\"#elementor-action%3Aaction%3Dlightbox%26settings%3DeyJpZCI6NDQwNywidXJsIjoiaHR0cHM6XC9cL3V2LXJjLm9yZ1wvd3AtY29udGVudFwvdXBsb2Fkc1wvMjAyNFwvMTBcL0lNR18wNjA2LXNjYWxlZC5qcGciLCJzbGlkZXNob3ciOiIwZWIxNjI4In0%3D\">\n\t\t\t\t\t<div class=\"e-gallery-image elementor-gallery-item__image\" data-thumbnail=\"https:\/\/uv-rc.org\/wp-content\/uploads\/2024\/10\/IMG_0606-300x200.jpg\" data-width=\"300\" data-height=\"200\" aria-label=\"\" role=\"img\" ><\/div>\n\t\t\t\t\t\t\t\t\t\t\t<div class=\"elementor-gallery-item__overlay\"><\/div>\n\t\t\t\t\t\t\t\t\t\t\t\t\t\t<\/a>\n\t\t\t\t\t\t\t<a class=\"e-gallery-item elementor-gallery-item elementor-animated-content\" href=\"https:\/\/uv-rc.org\/wp-content\/uploads\/2024\/10\/donat-1-scaled.jpg\" data-elementor-open-lightbox=\"yes\" data-elementor-lightbox-slideshow=\"0eb1628\" data-elementor-lightbox-title=\"donat (1)\" data-e-action-hash=\"#elementor-action%3Aaction%3Dlightbox%26settings%3DeyJpZCI6NDQxMSwidXJsIjoiaHR0cHM6XC9cL3V2LXJjLm9yZ1wvd3AtY29udGVudFwvdXBsb2Fkc1wvMjAyNFwvMTBcL2RvbmF0LTEtc2NhbGVkLmpwZyIsInNsaWRlc2hvdyI6IjBlYjE2MjgifQ%3D%3D\">\n\t\t\t\t\t<div class=\"e-gallery-image elementor-gallery-item__image\" data-thumbnail=\"https:\/\/uv-rc.org\/wp-content\/uploads\/2024\/10\/donat-1-300x200.jpg\" data-width=\"300\" data-height=\"200\" aria-label=\"\" role=\"img\" ><\/div>\n\t\t\t\t\t\t\t\t\t\t\t<div class=\"elementor-gallery-item__overlay\"><\/div>\n\t\t\t\t\t\t\t\t\t\t\t\t\t\t<\/a>\n\t\t\t\t\t\t\t<a class=\"e-gallery-item elementor-gallery-item elementor-animated-content\" href=\"https:\/\/uv-rc.org\/wp-content\/uploads\/2024\/10\/donat-2-scaled.jpg\" data-elementor-open-lightbox=\"yes\" data-elementor-lightbox-slideshow=\"0eb1628\" data-elementor-lightbox-title=\"donat-2\" data-e-action-hash=\"#elementor-action%3Aaction%3Dlightbox%26settings%3DeyJpZCI6NDQxMywidXJsIjoiaHR0cHM6XC9cL3V2LXJjLm9yZ1wvd3AtY29udGVudFwvdXBsb2Fkc1wvMjAyNFwvMTBcL2RvbmF0LTItc2NhbGVkLmpwZyIsInNsaWRlc2hvdyI6IjBlYjE2MjgifQ%3D%3D\">\n\t\t\t\t\t<div class=\"e-gallery-image elementor-gallery-item__image\" data-thumbnail=\"https:\/\/uv-rc.org\/wp-content\/uploads\/2024\/10\/donat-2-300x200.jpg\" data-width=\"300\" data-height=\"200\" aria-label=\"\" role=\"img\" ><\/div>\n\t\t\t\t\t\t\t\t\t\t\t<div class=\"elementor-gallery-item__overlay\"><\/div>\n\t\t\t\t\t\t\t\t\t\t\t\t\t\t<\/a>\n\t\t\t\t\t\t\t<a class=\"e-gallery-item elementor-gallery-item elementor-animated-content\" href=\"https:\/\/uv-rc.org\/wp-content\/uploads\/2024\/10\/donat-3-scaled.jpg\" data-elementor-open-lightbox=\"yes\" data-elementor-lightbox-slideshow=\"0eb1628\" data-elementor-lightbox-title=\"donat-3\" data-e-action-hash=\"#elementor-action%3Aaction%3Dlightbox%26settings%3DeyJpZCI6NDQxNSwidXJsIjoiaHR0cHM6XC9cL3V2LXJjLm9yZ1wvd3AtY29udGVudFwvdXBsb2Fkc1wvMjAyNFwvMTBcL2RvbmF0LTMtc2NhbGVkLmpwZyIsInNsaWRlc2hvdyI6IjBlYjE2MjgifQ%3D%3D\">\n\t\t\t\t\t<div class=\"e-gallery-image elementor-gallery-item__image\" data-thumbnail=\"https:\/\/uv-rc.org\/wp-content\/uploads\/2024\/10\/donat-3-300x200.jpg\" data-width=\"300\" data-height=\"200\" aria-label=\"\" role=\"img\" ><\/div>\n\t\t\t\t\t\t\t\t\t\t\t<div class=\"elementor-gallery-item__overlay\"><\/div>\n\t\t\t\t\t\t\t\t\t\t\t\t\t\t<\/a>\n\t\t\t\t\t<\/div>\n\t\t\t\t\t<\/div>\n\t\t\t\t<\/div>\n\t\t\t\t<\/div>\n\t\t\t\t<\/div>\n\t\t\t\t\t<\/div>\n\t\t\t\t<\/div>\n\t\t\t\t<\/div>\n\t\t","protected":false},"excerpt":{"rendered":"<p>PROJET SPOC Le projet SPOC (Special Persons of Contact) est une initiative unique visant \u00e0 am\u00e9liorer l&rsquo;int\u00e9gration des r\u00e9fugi\u00e9s ukrainiens dans la r\u00e9gion de Bruxelles. Gr\u00e2ce \u00e0 une approche communautaire, sept Personnes Sp\u00e9ciales de Contact(SPOC), s\u00e9lectionn\u00e9es par le HCR en collaboration avec le gouvernement r\u00e9gional de Bruxelles, travaillent en \u00e9troite collaboration avec les structures gouvernementales [&hellip;]<\/p>\n","protected":false},"author":1,"featured_media":0,"parent":6528,"menu_order":0,"comment_status":"closed","ping_status":"closed","template":"","meta":{"_acf_changed":false,"footnotes":""},"class_list":["post-6536","page","type-page","status-publish","hentry"],"acf":[],"_links":{"self":[{"href":"https:\/\/uv-rc.org\/fr\/wp-json\/wp\/v2\/pages\/6536","targetHints":{"allow":["GET"]}}],"collection":[{"href":"https:\/\/uv-rc.org\/fr\/wp-json\/wp\/v2\/pages"}],"about":[{"href":"https:\/\/uv-rc.org\/fr\/wp-json\/wp\/v2\/types\/page"}],"author":[{"embeddable":true,"href":"https:\/\/uv-rc.org\/fr\/wp-json\/wp\/v2\/users\/1"}],"replies":[{"embeddable":true,"href":"https:\/\/uv-rc.org\/fr\/wp-json\/wp\/v2\/comments?post=6536"}],"version-history":[{"count":1,"href":"https:\/\/uv-rc.org\/fr\/wp-json\/wp\/v2\/pages\/6536\/revisions"}],"predecessor-version":[{"id":6537,"href":"https:\/\/uv-rc.org\/fr\/wp-json\/wp\/v2\/pages\/6536\/revisions\/6537"}],"up":[{"embeddable":true,"href":"https:\/\/uv-rc.org\/fr\/wp-json\/wp\/v2\/pages\/6528"}],"wp:attachment":[{"href":"https:\/\/uv-rc.org\/fr\/wp-json\/wp\/v2\/media?parent=6536"}],"curies":[{"name":"wp","href":"https:\/\/api.w.org\/{rel}","templated":true}]}}