{"id":6534,"date":"2024-10-21T17:26:45","date_gmt":"2024-10-21T15:26:45","guid":{"rendered":"https:\/\/uv-rc.org\/projets\/equipes-mobiles\/"},"modified":"2025-03-10T16:54:26","modified_gmt":"2025-03-10T15:54:26","slug":"equipes-mobiles","status":"publish","type":"page","link":"https:\/\/uv-rc.org\/fr\/projets\/equipes-mobiles\/","title":{"rendered":"\u00c9quipes mobiles"},"content":{"rendered":"\t\t<div data-elementor-type=\"wp-page\" data-elementor-id=\"6534\" class=\"elementor elementor-6534 elementor-3144\" data-elementor-post-type=\"page\">\n\t\t\t\t<div class=\"elementor-element elementor-element-f52578c e-flex e-con-boxed e-con e-parent\" data-id=\"f52578c\" data-element_type=\"container\" data-e-type=\"container\" data-settings=\"{&quot;background_background&quot;:&quot;classic&quot;}\">\n\t\t\t\t\t<div class=\"e-con-inner\">\n\t\t<div class=\"elementor-element elementor-element-29247e1 e-con-full e-transform e-flex elementor-invisible e-con e-child\" data-id=\"29247e1\" data-element_type=\"container\" data-e-type=\"container\" data-settings=\"{&quot;background_background&quot;:&quot;classic&quot;,&quot;animation&quot;:&quot;fadeIn&quot;,&quot;_transform_scale_effect_hover&quot;:{&quot;unit&quot;:&quot;px&quot;,&quot;size&quot;:1.05,&quot;sizes&quot;:[]},&quot;_transform_scale_effect_hover_tablet&quot;:{&quot;unit&quot;:&quot;px&quot;,&quot;size&quot;:1,&quot;sizes&quot;:[]},&quot;_transform_scale_effect_hover_mobile&quot;:{&quot;unit&quot;:&quot;px&quot;,&quot;size&quot;:&quot;&quot;,&quot;sizes&quot;:[]}}\">\n\t\t<div class=\"elementor-element elementor-element-1cc5af8 e-con-full e-flex e-con e-child\" data-id=\"1cc5af8\" data-element_type=\"container\" data-e-type=\"container\">\n\t\t\t\t<div class=\"elementor-element elementor-element-ccee87f elementor-widget__width-inherit elementor-invisible elementor-widget elementor-widget-heading\" data-id=\"ccee87f\" data-element_type=\"widget\" data-e-type=\"widget\" data-settings=\"{&quot;_animation&quot;:&quot;fadeIn&quot;}\" data-widget_type=\"heading.default\">\n\t\t\t\t<div class=\"elementor-widget-container\">\n\t\t\t\t\t<h1 class=\"elementor-heading-title elementor-size-default\">\u00c9quipes mobiles<\/h1>\t\t\t\t<\/div>\n\t\t\t\t<\/div>\n\t\t\t\t<div class=\"elementor-element elementor-element-c2f88e2 elementor-widget elementor-widget-text-editor\" data-id=\"c2f88e2\" data-element_type=\"widget\" data-e-type=\"widget\" data-widget_type=\"text-editor.default\">\n\t\t\t\t<div class=\"elementor-widget-container\">\n\t\t\t\t\t\t\t\t\t<p>Les \u00e9quipes mobiles jouent un r\u00f4le crucial en p\u00e9riode de crise, effectuant des patrouilles nocturnes pour pr\u00e9venir l&rsquo;itin\u00e9rance et apportant une aide aux r\u00e9fugi\u00e9s d\u00e8s leur arriv\u00e9e en Belgique. En \u00e9troite collaboration avec les clusters de logement r\u00e9gionaux et les autorit\u00e9s locales, ces \u00e9quipes naviguent dans le syst\u00e8me administratif complexe, offrant des conseils et de l&rsquo;assistance pour garantir que les r\u00e9fugi\u00e9s re\u00e7oivent le soutien n\u00e9cessaire \u00e0 une int\u00e9gration r\u00e9ussie.<\/p>\n<p>Les op\u00e9rations de notre Centre Communautaire sont renforc\u00e9es par un solide r\u00e9seau d&rsquo;\u00e9quipes mobiles, compos\u00e9es \u00e0 la fois de r\u00e9fugi\u00e9s et de non-r\u00e9fugi\u00e9s, travaillant aussi bien \u00e0 l&rsquo;int\u00e9rieur qu&rsquo;\u00e0 l&rsquo;ext\u00e9rieur. Ces \u00e9quipes sont d\u00e9ploy\u00e9es rapidement pour faire face aux divers d\u00e9fis rencontr\u00e9s par les b\u00e9n\u00e9ficiaires. Leur approche flexible et r\u00e9active garantit que les r\u00e9fugi\u00e9s re\u00e7oivent une aide en temps utile, tout en favorisant un esprit de communaut\u00e9 et de coop\u00e9ration.<\/p>\n<p>Les \u00e9quipes mobiles offrent des services d&rsquo;assistance dans les domaines suivants :<\/p>\n<ul>\n<li>Diffusion d&rsquo;informations<\/li>\n<li>Services de traduction et d&rsquo;interpr\u00e9tation<\/li>\n<li>M\u00e9diation<\/li>\n<li>Enqu\u00eates<\/li>\n<li>Code de conduite<\/li>\n<li>Cours et activit\u00e9s dans notre Centre Communautaire<\/li>\n<li>Sant\u00e9 mentale<\/li>\n<li>Pr\u00e9vention de l&rsquo;exploitation sexuelle<\/li>\n<li>Recherche de logement<\/li>\n<li>Coordination de tables rondes sur l&#8217;emploi<\/li>\n<li>Surveillance des rues<\/li>\n<li>Polyvalence<\/li>\n<\/ul>\n<p>Besoin d&rsquo;aide de notre \u00e9quipe mobile ?<\/p>\n<p>Si vous avez besoin d&rsquo;aide de notre \u00e9quipe mobile, veuillez envoyer votre demande \u00e0 <a href=\"mailto:mdubrovska-uv@refcom.ngo\">mdubrovska-uv@refcom.ngo<\/a>, appeler le <a href=\"tel:+32484170182\">+32 484 170 182<\/a>, ou remplir le <a href=\"https:\/\/forms.gle\/j5YFZCH6hvtEjXve7\" target=\"_blank\" rel=\"noopener\">formulaire<\/a>.<\/p>\n<p>Nous sommes l\u00e0 pour vous aider et r\u00e9pondrons dans les plus brefs d\u00e9lais pour traiter vos besoins.<\/p>\n\t\t\t\t\t\t\t\t<\/div>\n\t\t\t\t<\/div>\n\t\t\t\t<div class=\"elementor-element elementor-element-440d938 elementor-align-left elementor-widget elementor-widget-button\" data-id=\"440d938\" data-element_type=\"widget\" data-e-type=\"widget\" data-widget_type=\"button.default\">\n\t\t\t\t<div class=\"elementor-widget-container\">\n\t\t\t\t\t\t\t\t\t<div class=\"elementor-button-wrapper\">\n\t\t\t\t\t<a class=\"elementor-button elementor-button-link elementor-size-sm\" href=\"https:\/\/uv-rc.org\/fr\/projets\/\">\n\t\t\t\t\t\t<span class=\"elementor-button-content-wrapper\">\n\t\t\t\t\t\t\t\t\t<span class=\"elementor-button-text\">&lt; Retour aux projets<\/span>\n\t\t\t\t\t<\/span>\n\t\t\t\t\t<\/a>\n\t\t\t\t<\/div>\n\t\t\t\t\t\t\t\t<\/div>\n\t\t\t\t<\/div>\n\t\t\t\t<\/div>\n\t\t\t\t<\/div>\n\t\t\t\t\t<\/div>\n\t\t\t\t<\/div>\n\t\t<div class=\"elementor-element elementor-element-4913deb e-flex e-con-boxed e-con e-parent\" data-id=\"4913deb\" data-element_type=\"container\" data-e-type=\"container\" data-settings=\"{&quot;background_background&quot;:&quot;classic&quot;}\">\n\t\t\t\t\t<div class=\"e-con-inner\">\n\t\t<div class=\"elementor-element elementor-element-21439ec e-con-full e-transform e-flex elementor-invisible e-con e-child\" data-id=\"21439ec\" data-element_type=\"container\" data-e-type=\"container\" data-settings=\"{&quot;background_background&quot;:&quot;classic&quot;,&quot;animation&quot;:&quot;fadeIn&quot;,&quot;_transform_scale_effect_hover&quot;:{&quot;unit&quot;:&quot;px&quot;,&quot;size&quot;:1.05,&quot;sizes&quot;:[]},&quot;_transform_scale_effect_hover_tablet&quot;:{&quot;unit&quot;:&quot;px&quot;,&quot;size&quot;:1,&quot;sizes&quot;:[]},&quot;_transform_scale_effect_hover_mobile&quot;:{&quot;unit&quot;:&quot;px&quot;,&quot;size&quot;:&quot;&quot;,&quot;sizes&quot;:[]}}\">\n\t\t<div class=\"elementor-element elementor-element-5fc3ba6 e-con-full e-flex e-con e-child\" data-id=\"5fc3ba6\" data-element_type=\"container\" data-e-type=\"container\">\n\t\t\t\t<div class=\"elementor-element elementor-element-9b0187c elementor-widget elementor-widget-gallery\" data-id=\"9b0187c\" data-element_type=\"widget\" data-e-type=\"widget\" data-settings=\"{&quot;lazyload&quot;:&quot;yes&quot;,&quot;gallery_layout&quot;:&quot;grid&quot;,&quot;columns&quot;:4,&quot;columns_tablet&quot;:2,&quot;columns_mobile&quot;:1,&quot;gap&quot;:{&quot;unit&quot;:&quot;px&quot;,&quot;size&quot;:10,&quot;sizes&quot;:[]},&quot;gap_tablet&quot;:{&quot;unit&quot;:&quot;px&quot;,&quot;size&quot;:10,&quot;sizes&quot;:[]},&quot;gap_mobile&quot;:{&quot;unit&quot;:&quot;px&quot;,&quot;size&quot;:10,&quot;sizes&quot;:[]},&quot;link_to&quot;:&quot;file&quot;,&quot;aspect_ratio&quot;:&quot;3:2&quot;,&quot;overlay_background&quot;:&quot;yes&quot;,&quot;content_hover_animation&quot;:&quot;fade-in&quot;}\" data-widget_type=\"gallery.default\">\n\t\t\t\t<div class=\"elementor-widget-container\">\n\t\t\t\t\t\t\t<div class=\"elementor-gallery__container\">\n\t\t\t\t\t\t\t<a class=\"e-gallery-item elementor-gallery-item elementor-animated-content\" href=\"https:\/\/uv-rc.org\/wp-content\/uploads\/2024\/10\/volont--scaled.jpg\" data-elementor-open-lightbox=\"yes\" data-elementor-lightbox-slideshow=\"9b0187c\" data-elementor-lightbox-title=\"volont\" data-e-action-hash=\"#elementor-action%3Aaction%3Dlightbox%26settings%3DeyJpZCI6NDQ3MywidXJsIjoiaHR0cHM6XC9cL3V2LXJjLm9yZ1wvd3AtY29udGVudFwvdXBsb2Fkc1wvMjAyNFwvMTBcL3ZvbG9udC0tc2NhbGVkLmpwZyIsInNsaWRlc2hvdyI6IjliMDE4N2MifQ%3D%3D\">\n\t\t\t\t\t<div class=\"e-gallery-image elementor-gallery-item__image\" data-thumbnail=\"https:\/\/uv-rc.org\/wp-content\/uploads\/2024\/10\/volont--300x200.jpg\" data-width=\"300\" data-height=\"200\" aria-label=\"\" role=\"img\" ><\/div>\n\t\t\t\t\t\t\t\t\t\t\t<div class=\"elementor-gallery-item__overlay\"><\/div>\n\t\t\t\t\t\t\t\t\t\t\t\t\t\t<\/a>\n\t\t\t\t\t\t\t<a class=\"e-gallery-item elementor-gallery-item elementor-animated-content\" href=\"https:\/\/uv-rc.org\/wp-content\/uploads\/2024\/10\/volunteers-5-scaled.jpg\" data-elementor-open-lightbox=\"yes\" data-elementor-lightbox-slideshow=\"9b0187c\" data-elementor-lightbox-title=\"volunteers-5\" data-e-action-hash=\"#elementor-action%3Aaction%3Dlightbox%26settings%3DeyJpZCI6NDQ4NywidXJsIjoiaHR0cHM6XC9cL3V2LXJjLm9yZ1wvd3AtY29udGVudFwvdXBsb2Fkc1wvMjAyNFwvMTBcL3ZvbHVudGVlcnMtNS1zY2FsZWQuanBnIiwic2xpZGVzaG93IjoiOWIwMTg3YyJ9\">\n\t\t\t\t\t<div class=\"e-gallery-image elementor-gallery-item__image\" data-thumbnail=\"https:\/\/uv-rc.org\/wp-content\/uploads\/2024\/10\/volunteers-5-300x200.jpg\" data-width=\"300\" data-height=\"200\" aria-label=\"\" role=\"img\" ><\/div>\n\t\t\t\t\t\t\t\t\t\t\t<div class=\"elementor-gallery-item__overlay\"><\/div>\n\t\t\t\t\t\t\t\t\t\t\t\t\t\t<\/a>\n\t\t\t\t\t\t\t<a class=\"e-gallery-item elementor-gallery-item elementor-animated-content\" href=\"https:\/\/uv-rc.org\/wp-content\/uploads\/2024\/10\/Volont-scaled.jpg\" data-elementor-open-lightbox=\"yes\" data-elementor-lightbox-slideshow=\"9b0187c\" data-elementor-lightbox-title=\"Volont\" data-e-action-hash=\"#elementor-action%3Aaction%3Dlightbox%26settings%3DeyJpZCI6NDQ3NSwidXJsIjoiaHR0cHM6XC9cL3V2LXJjLm9yZ1wvd3AtY29udGVudFwvdXBsb2Fkc1wvMjAyNFwvMTBcL1ZvbG9udC1zY2FsZWQuanBnIiwic2xpZGVzaG93IjoiOWIwMTg3YyJ9\">\n\t\t\t\t\t<div class=\"e-gallery-image elementor-gallery-item__image\" data-thumbnail=\"https:\/\/uv-rc.org\/wp-content\/uploads\/2024\/10\/Volont-300x200.jpg\" data-width=\"300\" data-height=\"200\" aria-label=\"\" role=\"img\" ><\/div>\n\t\t\t\t\t\t\t\t\t\t\t<div class=\"elementor-gallery-item__overlay\"><\/div>\n\t\t\t\t\t\t\t\t\t\t\t\t\t\t<\/a>\n\t\t\t\t\t\t\t<a class=\"e-gallery-item elementor-gallery-item elementor-animated-content\" href=\"https:\/\/uv-rc.org\/wp-content\/uploads\/2024\/10\/Volont1-scaled.jpg\" data-elementor-open-lightbox=\"yes\" data-elementor-lightbox-slideshow=\"9b0187c\" data-elementor-lightbox-title=\"Volont(1)\" data-e-action-hash=\"#elementor-action%3Aaction%3Dlightbox%26settings%3DeyJpZCI6NDQ3NywidXJsIjoiaHR0cHM6XC9cL3V2LXJjLm9yZ1wvd3AtY29udGVudFwvdXBsb2Fkc1wvMjAyNFwvMTBcL1ZvbG9udDEtc2NhbGVkLmpwZyIsInNsaWRlc2hvdyI6IjliMDE4N2MifQ%3D%3D\">\n\t\t\t\t\t<div class=\"e-gallery-image elementor-gallery-item__image\" data-thumbnail=\"https:\/\/uv-rc.org\/wp-content\/uploads\/2024\/10\/Volont1-300x200.jpg\" data-width=\"300\" data-height=\"200\" aria-label=\"\" role=\"img\" ><\/div>\n\t\t\t\t\t\t\t\t\t\t\t<div class=\"elementor-gallery-item__overlay\"><\/div>\n\t\t\t\t\t\t\t\t\t\t\t\t\t\t<\/a>\n\t\t\t\t\t\t\t<a class=\"e-gallery-item elementor-gallery-item elementor-animated-content\" href=\"https:\/\/uv-rc.org\/wp-content\/uploads\/2024\/10\/volunteers-1--scaled.jpg\" data-elementor-open-lightbox=\"yes\" data-elementor-lightbox-slideshow=\"9b0187c\" data-elementor-lightbox-title=\"volunteers-1\" data-e-action-hash=\"#elementor-action%3Aaction%3Dlightbox%26settings%3DeyJpZCI6NDQ4MSwidXJsIjoiaHR0cHM6XC9cL3V2LXJjLm9yZ1wvd3AtY29udGVudFwvdXBsb2Fkc1wvMjAyNFwvMTBcL3ZvbHVudGVlcnMtMS0tc2NhbGVkLmpwZyIsInNsaWRlc2hvdyI6IjliMDE4N2MifQ%3D%3D\">\n\t\t\t\t\t<div class=\"e-gallery-image elementor-gallery-item__image\" data-thumbnail=\"https:\/\/uv-rc.org\/wp-content\/uploads\/2024\/10\/volunteers-1--300x200.jpg\" data-width=\"300\" data-height=\"200\" aria-label=\"\" role=\"img\" ><\/div>\n\t\t\t\t\t\t\t\t\t\t\t<div class=\"elementor-gallery-item__overlay\"><\/div>\n\t\t\t\t\t\t\t\t\t\t\t\t\t\t<\/a>\n\t\t\t\t\t\t\t<a class=\"e-gallery-item elementor-gallery-item elementor-animated-content\" href=\"https:\/\/uv-rc.org\/wp-content\/uploads\/2024\/10\/volunteers-2-scaled.jpg\" data-elementor-open-lightbox=\"yes\" data-elementor-lightbox-slideshow=\"9b0187c\" data-elementor-lightbox-title=\"volunteers-2\" data-e-action-hash=\"#elementor-action%3Aaction%3Dlightbox%26settings%3DeyJpZCI6NDQ4MywidXJsIjoiaHR0cHM6XC9cL3V2LXJjLm9yZ1wvd3AtY29udGVudFwvdXBsb2Fkc1wvMjAyNFwvMTBcL3ZvbHVudGVlcnMtMi1zY2FsZWQuanBnIiwic2xpZGVzaG93IjoiOWIwMTg3YyJ9\">\n\t\t\t\t\t<div class=\"e-gallery-image elementor-gallery-item__image\" data-thumbnail=\"https:\/\/uv-rc.org\/wp-content\/uploads\/2024\/10\/volunteers-2-300x200.jpg\" data-width=\"300\" data-height=\"200\" aria-label=\"\" role=\"img\" ><\/div>\n\t\t\t\t\t\t\t\t\t\t\t<div class=\"elementor-gallery-item__overlay\"><\/div>\n\t\t\t\t\t\t\t\t\t\t\t\t\t\t<\/a>\n\t\t\t\t\t\t\t<a class=\"e-gallery-item elementor-gallery-item elementor-animated-content\" href=\"https:\/\/uv-rc.org\/wp-content\/uploads\/2024\/10\/Volont2-scaled.jpg\" data-elementor-open-lightbox=\"yes\" data-elementor-lightbox-slideshow=\"9b0187c\" data-elementor-lightbox-title=\"Volont(2)\" data-e-action-hash=\"#elementor-action%3Aaction%3Dlightbox%26settings%3DeyJpZCI6NDQ3OSwidXJsIjoiaHR0cHM6XC9cL3V2LXJjLm9yZ1wvd3AtY29udGVudFwvdXBsb2Fkc1wvMjAyNFwvMTBcL1ZvbG9udDItc2NhbGVkLmpwZyIsInNsaWRlc2hvdyI6IjliMDE4N2MifQ%3D%3D\">\n\t\t\t\t\t<div class=\"e-gallery-image elementor-gallery-item__image\" data-thumbnail=\"https:\/\/uv-rc.org\/wp-content\/uploads\/2024\/10\/Volont2-300x200.jpg\" data-width=\"300\" data-height=\"200\" aria-label=\"\" role=\"img\" ><\/div>\n\t\t\t\t\t\t\t\t\t\t\t<div class=\"elementor-gallery-item__overlay\"><\/div>\n\t\t\t\t\t\t\t\t\t\t\t\t\t\t<\/a>\n\t\t\t\t\t\t\t<a class=\"e-gallery-item elementor-gallery-item elementor-animated-content\" href=\"https:\/\/uv-rc.org\/wp-content\/uploads\/2024\/10\/volunteers-3-1-scaled.jpg\" data-elementor-open-lightbox=\"yes\" data-elementor-lightbox-slideshow=\"9b0187c\" data-elementor-lightbox-title=\"volunteers-3\" data-e-action-hash=\"#elementor-action%3Aaction%3Dlightbox%26settings%3DeyJpZCI6NDQ4NSwidXJsIjoiaHR0cHM6XC9cL3V2LXJjLm9yZ1wvd3AtY29udGVudFwvdXBsb2Fkc1wvMjAyNFwvMTBcL3ZvbHVudGVlcnMtMy0xLXNjYWxlZC5qcGciLCJzbGlkZXNob3ciOiI5YjAxODdjIn0%3D\">\n\t\t\t\t\t<div class=\"e-gallery-image elementor-gallery-item__image\" data-thumbnail=\"https:\/\/uv-rc.org\/wp-content\/uploads\/2024\/10\/volunteers-3-1-300x200.jpg\" data-width=\"300\" data-height=\"200\" aria-label=\"\" role=\"img\" ><\/div>\n\t\t\t\t\t\t\t\t\t\t\t<div class=\"elementor-gallery-item__overlay\"><\/div>\n\t\t\t\t\t\t\t\t\t\t\t\t\t\t<\/a>\n\t\t\t\t\t\t\t<a class=\"e-gallery-item elementor-gallery-item elementor-animated-content\" href=\"https:\/\/uv-rc.org\/wp-content\/uploads\/2024\/11\/Volont-scaled.jpg\" data-elementor-open-lightbox=\"yes\" data-elementor-lightbox-slideshow=\"9b0187c\" data-elementor-lightbox-title=\"Volont\" data-e-action-hash=\"#elementor-action%3Aaction%3Dlightbox%26settings%3DeyJpZCI6NDU0NSwidXJsIjoiaHR0cHM6XC9cL3V2LXJjLm9yZ1wvd3AtY29udGVudFwvdXBsb2Fkc1wvMjAyNFwvMTFcL1ZvbG9udC1zY2FsZWQuanBnIiwic2xpZGVzaG93IjoiOWIwMTg3YyJ9\">\n\t\t\t\t\t<div class=\"e-gallery-image elementor-gallery-item__image\" data-thumbnail=\"https:\/\/uv-rc.org\/wp-content\/uploads\/2024\/11\/Volont-300x200.jpg\" data-width=\"300\" data-height=\"200\" aria-label=\"\" role=\"img\" ><\/div>\n\t\t\t\t\t\t\t\t\t\t\t<div class=\"elementor-gallery-item__overlay\"><\/div>\n\t\t\t\t\t\t\t\t\t\t\t\t\t\t<\/a>\n\t\t\t\t\t<\/div>\n\t\t\t\t\t<\/div>\n\t\t\t\t<\/div>\n\t\t\t\t<\/div>\n\t\t\t\t<\/div>\n\t\t\t\t\t<\/div>\n\t\t\t\t<\/div>\n\t\t\t\t<\/div>\n\t\t","protected":false},"excerpt":{"rendered":"<p>\u00c9quipes mobiles Les \u00e9quipes mobiles jouent un r\u00f4le crucial en p\u00e9riode de crise, effectuant des patrouilles nocturnes pour pr\u00e9venir l&rsquo;itin\u00e9rance et apportant une aide aux r\u00e9fugi\u00e9s d\u00e8s leur arriv\u00e9e en Belgique. En \u00e9troite collaboration avec les clusters de logement r\u00e9gionaux et les autorit\u00e9s locales, ces \u00e9quipes naviguent dans le syst\u00e8me administratif complexe, offrant des conseils [&hellip;]<\/p>\n","protected":false},"author":1,"featured_media":0,"parent":6528,"menu_order":0,"comment_status":"closed","ping_status":"closed","template":"","meta":{"_acf_changed":false,"footnotes":""},"class_list":["post-6534","page","type-page","status-publish","hentry"],"acf":[],"_links":{"self":[{"href":"https:\/\/uv-rc.org\/fr\/wp-json\/wp\/v2\/pages\/6534","targetHints":{"allow":["GET"]}}],"collection":[{"href":"https:\/\/uv-rc.org\/fr\/wp-json\/wp\/v2\/pages"}],"about":[{"href":"https:\/\/uv-rc.org\/fr\/wp-json\/wp\/v2\/types\/page"}],"author":[{"embeddable":true,"href":"https:\/\/uv-rc.org\/fr\/wp-json\/wp\/v2\/users\/1"}],"replies":[{"embeddable":true,"href":"https:\/\/uv-rc.org\/fr\/wp-json\/wp\/v2\/comments?post=6534"}],"version-history":[{"count":1,"href":"https:\/\/uv-rc.org\/fr\/wp-json\/wp\/v2\/pages\/6534\/revisions"}],"predecessor-version":[{"id":6535,"href":"https:\/\/uv-rc.org\/fr\/wp-json\/wp\/v2\/pages\/6534\/revisions\/6535"}],"up":[{"embeddable":true,"href":"https:\/\/uv-rc.org\/fr\/wp-json\/wp\/v2\/pages\/6528"}],"wp:attachment":[{"href":"https:\/\/uv-rc.org\/fr\/wp-json\/wp\/v2\/media?parent=6534"}],"curies":[{"name":"wp","href":"https:\/\/api.w.org\/{rel}","templated":true}]}}