{"id":6532,"date":"2024-10-21T17:36:55","date_gmt":"2024-10-21T15:36:55","guid":{"rendered":"https:\/\/uv-rc.org\/projets\/centre-dorientation-sociale-et-sanitaire-sho-c\/"},"modified":"2025-03-10T16:47:16","modified_gmt":"2025-03-10T15:47:16","slug":"centre-dorientation-sociale-et-sanitaire-sho-c","status":"publish","type":"page","link":"https:\/\/uv-rc.org\/fr\/projets\/centre-dorientation-sociale-et-sanitaire-sho-c\/","title":{"rendered":"CENTRE D&rsquo;ORIENTATION SOCIALE ET SANITAIRE \u2013 SHO-C"},"content":{"rendered":"\t\t<div data-elementor-type=\"wp-page\" data-elementor-id=\"6532\" class=\"elementor elementor-6532 elementor-3164\" data-elementor-post-type=\"page\">\n\t\t\t\t<div class=\"elementor-element elementor-element-b2afa31 e-flex e-con-boxed e-con e-parent\" data-id=\"b2afa31\" data-element_type=\"container\" data-e-type=\"container\" data-settings=\"{&quot;background_background&quot;:&quot;classic&quot;}\">\n\t\t\t\t\t<div class=\"e-con-inner\">\n\t\t<div class=\"elementor-element elementor-element-0cb8dc5 e-con-full e-transform e-flex elementor-invisible e-con e-child\" data-id=\"0cb8dc5\" data-element_type=\"container\" data-e-type=\"container\" data-settings=\"{&quot;background_background&quot;:&quot;classic&quot;,&quot;animation&quot;:&quot;fadeIn&quot;,&quot;_transform_scale_effect_hover&quot;:{&quot;unit&quot;:&quot;px&quot;,&quot;size&quot;:1.05,&quot;sizes&quot;:[]},&quot;_transform_scale_effect_hover_tablet&quot;:{&quot;unit&quot;:&quot;px&quot;,&quot;size&quot;:1,&quot;sizes&quot;:[]},&quot;_transform_scale_effect_hover_mobile&quot;:{&quot;unit&quot;:&quot;px&quot;,&quot;size&quot;:&quot;&quot;,&quot;sizes&quot;:[]}}\">\n\t\t<div class=\"elementor-element elementor-element-87af647 e-con-full e-flex e-con e-child\" data-id=\"87af647\" data-element_type=\"container\" data-e-type=\"container\">\n\t\t\t\t<div class=\"elementor-element elementor-element-27f71f5 elementor-widget__width-inherit elementor-invisible elementor-widget elementor-widget-heading\" data-id=\"27f71f5\" data-element_type=\"widget\" data-e-type=\"widget\" data-settings=\"{&quot;_animation&quot;:&quot;fadeIn&quot;}\" data-widget_type=\"heading.default\">\n\t\t\t\t<div class=\"elementor-widget-container\">\n\t\t\t\t\t<h1 class=\"elementor-heading-title elementor-size-default\">CENTRE D'ORIENTATION SOCIALE ET SANITAIRE \u2013 SHO-C\n<\/h1>\t\t\t\t<\/div>\n\t\t\t\t<\/div>\n\t\t\t\t<div class=\"elementor-element elementor-element-4b82add elementor-widget elementor-widget-text-editor\" data-id=\"4b82add\" data-element_type=\"widget\" data-e-type=\"widget\" data-widget_type=\"text-editor.default\">\n\t\t\t\t<div class=\"elementor-widget-container\">\n\t\t\t\t\t\t\t\t\tLe projet Centre d&rsquo;Orientation Sociale et Sanitaire (SHOC), soutenu par le gouvernement de la R\u00e9gion de Bruxelles-Capitale, fonctionne dans quatre domaines coordonn\u00e9s : service d&rsquo;orientation, service m\u00e9dical int\u00e9gr\u00e9, bureau de protection sociale et service de soutien mobile pour les r\u00e9fugi\u00e9s ukrainiens (BPTU) dans la R\u00e9gion de Bruxelles-Capitale.\n<\/br><\/br>\nLe SHOC fournit un soutien et coordonne les activit\u00e9s dans plusieurs domaines, y compris :<\/br><\/br>\n<ul>\n \t<li>Trouver et attribuer un m\u00e9decin de famille en fonction de l&rsquo;adresse de r\u00e9sidence.<\/li>\n \t<li>Prendre des rendez-vous avec des sp\u00e9cialistes.<\/li>\n \t<li>Support et orientation des \u00e9quipes mobiles pour la traduction, la protection sociale et la sant\u00e9 mentale.<\/li>\n \t<li>Acc\u00e8s \u00e0 des informations utiles sur l&rsquo;assistance m\u00e9dicale et psychologique disponible dans la r\u00e9gion de Bruxelles-Capitale.<\/li>\n \t<li>Fournir des informations d\u00e9taill\u00e9es pour assurer l&rsquo;int\u00e9gration dans le syst\u00e8me de sant\u00e9 belge.<\/li>\n \t<li>Faciliter l&rsquo;acc\u00e8s \u00e0 l&rsquo;aide sociale.<\/li>\n \t<li>Conseils juridiques et familiaux.<\/li>\n \t<li>Protection des victimes de violence familiale et sexuelle.<\/li>\n \t<li>Premier bilan de sant\u00e9.<\/li>\n \t<li>Consultation m\u00e9dicale par un m\u00e9decin g\u00e9n\u00e9raliste en cas de situation de crise.<\/li>\n<\/ul><\/br>\nLes op\u00e9rations de UV-RC se concentrent sur le renforcement direct et indirect des structures communautaires ukrainiennes, le renforcement de l&rsquo;\u00e9tat de sant\u00e9 publique global de la population r\u00e9fugi\u00e9e, de leurs h\u00f4tes belges et de leurs voisins. La vision est d&rsquo;\u00e9tendre les services du SHO \u00e0 d&rsquo;autres populations r\u00e9fugi\u00e9es non ukrainiennes \u00e0 l&rsquo;avenir, en tirant parti de l&rsquo;adh\u00e9sion d&rsquo;UV au Comit\u00e9 de R\u00e9fugi\u00e9s Umbrella.\t\t\t\t\t\t\t\t<\/div>\n\t\t\t\t<\/div>\n\t\t\t\t<div class=\"elementor-element elementor-element-12532e1 elementor-align-left elementor-widget elementor-widget-button\" data-id=\"12532e1\" data-element_type=\"widget\" data-e-type=\"widget\" data-widget_type=\"button.default\">\n\t\t\t\t<div class=\"elementor-widget-container\">\n\t\t\t\t\t\t\t\t\t<div class=\"elementor-button-wrapper\">\n\t\t\t\t\t<a class=\"elementor-button elementor-button-link elementor-size-sm\" href=\"https:\/\/uv-rc.org\/fr\/projets\/\">\n\t\t\t\t\t\t<span class=\"elementor-button-content-wrapper\">\n\t\t\t\t\t\t\t\t\t<span class=\"elementor-button-text\">&lt; Retour aux projets<\/span>\n\t\t\t\t\t<\/span>\n\t\t\t\t\t<\/a>\n\t\t\t\t<\/div>\n\t\t\t\t\t\t\t\t<\/div>\n\t\t\t\t<\/div>\n\t\t\t\t<\/div>\n\t\t\t\t<\/div>\n\t\t\t\t\t<\/div>\n\t\t\t\t<\/div>\n\t\t<div class=\"elementor-element elementor-element-e2fe3e7 e-flex e-con-boxed e-con e-parent\" data-id=\"e2fe3e7\" data-element_type=\"container\" data-e-type=\"container\" data-settings=\"{&quot;background_background&quot;:&quot;classic&quot;}\">\n\t\t\t\t\t<div class=\"e-con-inner\">\n\t\t<div class=\"elementor-element elementor-element-2a86f9a e-con-full e-transform e-flex elementor-invisible e-con e-child\" data-id=\"2a86f9a\" data-element_type=\"container\" data-e-type=\"container\" data-settings=\"{&quot;background_background&quot;:&quot;classic&quot;,&quot;animation&quot;:&quot;fadeIn&quot;,&quot;_transform_scale_effect_hover&quot;:{&quot;unit&quot;:&quot;px&quot;,&quot;size&quot;:1.05,&quot;sizes&quot;:[]},&quot;_transform_scale_effect_hover_tablet&quot;:{&quot;unit&quot;:&quot;px&quot;,&quot;size&quot;:1,&quot;sizes&quot;:[]},&quot;_transform_scale_effect_hover_mobile&quot;:{&quot;unit&quot;:&quot;px&quot;,&quot;size&quot;:&quot;&quot;,&quot;sizes&quot;:[]}}\">\n\t\t<div class=\"elementor-element elementor-element-a3d692d e-con-full e-flex e-con e-child\" data-id=\"a3d692d\" data-element_type=\"container\" data-e-type=\"container\">\n\t\t\t\t<div class=\"elementor-element elementor-element-0a20470 elementor-widget elementor-widget-gallery\" data-id=\"0a20470\" data-element_type=\"widget\" data-e-type=\"widget\" data-settings=\"{&quot;lazyload&quot;:&quot;yes&quot;,&quot;gallery_layout&quot;:&quot;grid&quot;,&quot;columns&quot;:4,&quot;columns_tablet&quot;:2,&quot;columns_mobile&quot;:1,&quot;gap&quot;:{&quot;unit&quot;:&quot;px&quot;,&quot;size&quot;:10,&quot;sizes&quot;:[]},&quot;gap_tablet&quot;:{&quot;unit&quot;:&quot;px&quot;,&quot;size&quot;:10,&quot;sizes&quot;:[]},&quot;gap_mobile&quot;:{&quot;unit&quot;:&quot;px&quot;,&quot;size&quot;:10,&quot;sizes&quot;:[]},&quot;link_to&quot;:&quot;file&quot;,&quot;aspect_ratio&quot;:&quot;3:2&quot;,&quot;overlay_background&quot;:&quot;yes&quot;,&quot;content_hover_animation&quot;:&quot;fade-in&quot;}\" data-widget_type=\"gallery.default\">\n\t\t\t\t<div class=\"elementor-widget-container\">\n\t\t\t\t\t\t\t<div class=\"elementor-gallery__container\">\n\t\t\t\t\t\t\t<a class=\"e-gallery-item elementor-gallery-item elementor-animated-content\" href=\"https:\/\/uv-rc.org\/wp-content\/uploads\/2024\/10\/SHOC-1.jpg\" data-elementor-open-lightbox=\"yes\" data-elementor-lightbox-slideshow=\"0a20470\" data-elementor-lightbox-title=\"SHOC (1)\" data-e-action-hash=\"#elementor-action%3Aaction%3Dlightbox%26settings%3DeyJpZCI6NDQzNywidXJsIjoiaHR0cHM6XC9cL3V2LXJjLm9yZ1wvd3AtY29udGVudFwvdXBsb2Fkc1wvMjAyNFwvMTBcL1NIT0MtMS5qcGciLCJzbGlkZXNob3ciOiIwYTIwNDcwIn0%3D\">\n\t\t\t\t\t<div class=\"e-gallery-image elementor-gallery-item__image\" data-thumbnail=\"https:\/\/uv-rc.org\/wp-content\/uploads\/2024\/10\/SHOC-1-300x200.jpg\" data-width=\"300\" data-height=\"200\" aria-label=\"\" role=\"img\" ><\/div>\n\t\t\t\t\t\t\t\t\t\t\t<div class=\"elementor-gallery-item__overlay\"><\/div>\n\t\t\t\t\t\t\t\t\t\t\t\t\t\t<\/a>\n\t\t\t\t\t\t\t<a class=\"e-gallery-item elementor-gallery-item elementor-animated-content\" href=\"https:\/\/uv-rc.org\/wp-content\/uploads\/2024\/10\/SHOC.jpg\" data-elementor-open-lightbox=\"yes\" data-elementor-lightbox-slideshow=\"0a20470\" data-elementor-lightbox-title=\"SHOC\" data-e-action-hash=\"#elementor-action%3Aaction%3Dlightbox%26settings%3DeyJpZCI6NDQzOSwidXJsIjoiaHR0cHM6XC9cL3V2LXJjLm9yZ1wvd3AtY29udGVudFwvdXBsb2Fkc1wvMjAyNFwvMTBcL1NIT0MuanBnIiwic2xpZGVzaG93IjoiMGEyMDQ3MCJ9\">\n\t\t\t\t\t<div class=\"e-gallery-image elementor-gallery-item__image\" data-thumbnail=\"https:\/\/uv-rc.org\/wp-content\/uploads\/2024\/10\/SHOC-300x200.jpg\" data-width=\"300\" data-height=\"200\" aria-label=\"\" role=\"img\" ><\/div>\n\t\t\t\t\t\t\t\t\t\t\t<div class=\"elementor-gallery-item__overlay\"><\/div>\n\t\t\t\t\t\t\t\t\t\t\t\t\t\t<\/a>\n\t\t\t\t\t\t\t<a class=\"e-gallery-item elementor-gallery-item elementor-animated-content\" href=\"https:\/\/uv-rc.org\/wp-content\/uploads\/2024\/10\/SHOC-3.jpg\" data-elementor-open-lightbox=\"yes\" data-elementor-lightbox-slideshow=\"0a20470\" data-elementor-lightbox-title=\"SHOC\" data-e-action-hash=\"#elementor-action%3Aaction%3Dlightbox%26settings%3DeyJpZCI6NDQ5MywidXJsIjoiaHR0cHM6XC9cL3V2LXJjLm9yZ1wvd3AtY29udGVudFwvdXBsb2Fkc1wvMjAyNFwvMTBcL1NIT0MtMy5qcGciLCJzbGlkZXNob3ciOiIwYTIwNDcwIn0%3D\">\n\t\t\t\t\t<div class=\"e-gallery-image elementor-gallery-item__image\" data-thumbnail=\"https:\/\/uv-rc.org\/wp-content\/uploads\/2024\/10\/SHOC-3-300x200.jpg\" data-width=\"300\" data-height=\"200\" aria-label=\"\" role=\"img\" ><\/div>\n\t\t\t\t\t\t\t\t\t\t\t<div class=\"elementor-gallery-item__overlay\"><\/div>\n\t\t\t\t\t\t\t\t\t\t\t\t\t\t<\/a>\n\t\t\t\t\t\t\t<a class=\"e-gallery-item elementor-gallery-item elementor-animated-content\" href=\"https:\/\/uv-rc.org\/wp-content\/uploads\/2024\/10\/SHOC3-1.jpg\" data-elementor-open-lightbox=\"yes\" data-elementor-lightbox-slideshow=\"0a20470\" data-elementor-lightbox-title=\"SHOC(3)\" data-e-action-hash=\"#elementor-action%3Aaction%3Dlightbox%26settings%3DeyJpZCI6NDQ5NSwidXJsIjoiaHR0cHM6XC9cL3V2LXJjLm9yZ1wvd3AtY29udGVudFwvdXBsb2Fkc1wvMjAyNFwvMTBcL1NIT0MzLTEuanBnIiwic2xpZGVzaG93IjoiMGEyMDQ3MCJ9\">\n\t\t\t\t\t<div class=\"e-gallery-image elementor-gallery-item__image\" data-thumbnail=\"https:\/\/uv-rc.org\/wp-content\/uploads\/2024\/10\/SHOC3-1-300x200.jpg\" data-width=\"300\" data-height=\"200\" aria-label=\"\" role=\"img\" ><\/div>\n\t\t\t\t\t\t\t\t\t\t\t<div class=\"elementor-gallery-item__overlay\"><\/div>\n\t\t\t\t\t\t\t\t\t\t\t\t\t\t<\/a>\n\t\t\t\t\t<\/div>\n\t\t\t\t\t<\/div>\n\t\t\t\t<\/div>\n\t\t\t\t<\/div>\n\t\t\t\t<\/div>\n\t\t\t\t\t<\/div>\n\t\t\t\t<\/div>\n\t\t\t\t<\/div>\n\t\t","protected":false},"excerpt":{"rendered":"<p>CENTRE D&rsquo;ORIENTATION SOCIALE ET SANITAIRE \u2013 SHO-C Le projet Centre d&rsquo;Orientation Sociale et Sanitaire (SHOC), soutenu par le gouvernement de la R\u00e9gion de Bruxelles-Capitale, fonctionne dans quatre domaines coordonn\u00e9s : service d&rsquo;orientation, service m\u00e9dical int\u00e9gr\u00e9, bureau de protection sociale et service de soutien mobile pour les r\u00e9fugi\u00e9s ukrainiens (BPTU) dans la R\u00e9gion de Bruxelles-Capitale. Le [&hellip;]<\/p>\n","protected":false},"author":1,"featured_media":0,"parent":6528,"menu_order":0,"comment_status":"closed","ping_status":"closed","template":"","meta":{"_acf_changed":false,"footnotes":""},"class_list":["post-6532","page","type-page","status-publish","hentry"],"acf":[],"_links":{"self":[{"href":"https:\/\/uv-rc.org\/fr\/wp-json\/wp\/v2\/pages\/6532","targetHints":{"allow":["GET"]}}],"collection":[{"href":"https:\/\/uv-rc.org\/fr\/wp-json\/wp\/v2\/pages"}],"about":[{"href":"https:\/\/uv-rc.org\/fr\/wp-json\/wp\/v2\/types\/page"}],"author":[{"embeddable":true,"href":"https:\/\/uv-rc.org\/fr\/wp-json\/wp\/v2\/users\/1"}],"replies":[{"embeddable":true,"href":"https:\/\/uv-rc.org\/fr\/wp-json\/wp\/v2\/comments?post=6532"}],"version-history":[{"count":1,"href":"https:\/\/uv-rc.org\/fr\/wp-json\/wp\/v2\/pages\/6532\/revisions"}],"predecessor-version":[{"id":6533,"href":"https:\/\/uv-rc.org\/fr\/wp-json\/wp\/v2\/pages\/6532\/revisions\/6533"}],"up":[{"embeddable":true,"href":"https:\/\/uv-rc.org\/fr\/wp-json\/wp\/v2\/pages\/6528"}],"wp:attachment":[{"href":"https:\/\/uv-rc.org\/fr\/wp-json\/wp\/v2\/media?parent=6532"}],"curies":[{"name":"wp","href":"https:\/\/api.w.org\/{rel}","templated":true}]}}